{"id":3022,"date":"2024-02-01T11:54:25","date_gmt":"2024-02-01T10:54:25","guid":{"rendered":"https:\/\/gubertini.com\/?post_type=product&#038;p=3022"},"modified":"2026-02-05T12:06:07","modified_gmt":"2026-02-05T11:06:07","slug":"50-jahre-gereifter-balsamico-gran-riserva-del-fondatore-acetaia-gubertini","status":"publish","type":"product","link":"https:\/\/gubertini.com\/de\/prodotto\/50-jahre-gereifter-balsamico-gran-riserva-del-fondatore-acetaia-gubertini\/","title":{"rendered":"50 Jahre gereifter Balsamico Gran Riserva del Fondatore Acetaia Gubertini"},"content":{"rendered":"<h2>Gereifter Balsamico 50 Jahre<\/h2>\n<p>EXKLUSIVER BALSAMICO-ESSIG AUS GEKOCHTEM, FERMENTIERTEM UND IN EDLEN HOLZF\u00c4SSERN GEREIFTEM TRAUBENMOST.<\/p>\n<p>Von schwarzer Farbe mit ockerfarbenen Reflexen, sehr dickfl\u00fcssig. In der Nase opulent, breites, berauschendes, anhaltendes und s\u00fc\u00dfes Balsamico-Aroma. Am Gaumen luxuri\u00f6s und umh\u00fcllend, entfaltet eine extreme Balsamico-Persistenz mit Noten von Trockenfr\u00fcchten und Karamell. Repr\u00e4sentiert die Exzellenz der Acetaia Gubertini. Gereift in Batterien aus 7 F\u00e4ssern verschiedener Holzarten. Superlativ zu jedem Gericht oder Getr\u00e4nk, ideal um Gaumen zu begeistern.     <\/p>\n<p><strong>Kombinationen<\/strong><\/p>\n<p>Superlativ zu jedem Gericht oder Getr\u00e4nk, ideal um Gaumen zu begeistern.<\/p>\n","protected":false},"excerpt":{"rendered":"<p>Der Luxus am Gaumen<\/p>\n","protected":false},"featured_media":3930,"template":"","meta":{"_acf_changed":false},"product_brand":[53],"product_cat":[98],"product_tag":[],"class_list":{"0":"post-3022","1":"product","2":"type-product","3":"status-publish","4":"has-post-thumbnail","6":"product_brand-acetia-gubertini","7":"product_cat-gubertini-reserven","9":"first","10":"instock","11":"featured","12":"taxable","13":"shipping-taxable","14":"purchasable","15":"product-type-variable"},"acf":[],"yoast_head":"<!-- This site is optimized with the Yoast SEO plugin v27.2 - https:\/\/yoast.com\/product\/yoast-seo-wordpress\/ -->\n<title>50 Jahre gereifter Balsamico Gran Riserva del Fondatore Acetaia Gubertini - Acetaia Gubertini | Tradizione di Modena - Lusso &amp; Emozione<\/title>\n<meta name=\"description\" content=\"Ein kompromissloses Sinneserlebnis. Balsamico-W\u00fcrze 50 Jahre, dickfl\u00fcssig und opulent. Das exklusivste Geschenk f\u00fcr Sammler und Gourmets.\" \/>\n<meta name=\"robots\" content=\"index, follow, max-snippet:-1, max-image-preview:large, max-video-preview:-1\" \/>\n<link rel=\"canonical\" href=\"https:\/\/gubertini.com\/de\/prodotto\/50-jahre-gereifter-balsamico-gran-riserva-del-fondatore-acetaia-gubertini\/\" \/>\n<meta property=\"og:locale\" content=\"de_DE\" \/>\n<meta property=\"og:type\" content=\"article\" \/>\n<meta property=\"og:title\" content=\"50 Jahre gereifter Balsamico Gran Riserva del Fondatore Acetaia Gubertini - Acetaia Gubertini | Tradizione di Modena - Lusso &amp; Emozione\" \/>\n<meta property=\"og:description\" content=\"Ein kompromissloses Sinneserlebnis. Balsamico-W\u00fcrze 50 Jahre, dickfl\u00fcssig und opulent. Das exklusivste Geschenk f\u00fcr Sammler und Gourmets.\" \/>\n<meta property=\"og:url\" content=\"https:\/\/gubertini.com\/de\/prodotto\/50-jahre-gereifter-balsamico-gran-riserva-del-fondatore-acetaia-gubertini\/\" \/>\n<meta property=\"og:site_name\" content=\"Acetaia Gubertini | Tradizione di Modena - Lusso &amp; Emozione\" \/>\n<meta property=\"article:publisher\" content=\"https:\/\/www.instagram.com\/acetaiagubertini\" \/>\n<meta property=\"article:modified_time\" content=\"2026-02-05T11:06:07+00:00\" \/>\n<meta property=\"og:image\" content=\"https:\/\/gubertini.com\/wp-content\/uploads\/2024\/02\/50-ANNI.webp\" \/>\n\t<meta property=\"og:image:width\" content=\"1500\" \/>\n\t<meta property=\"og:image:height\" content=\"1500\" \/>\n\t<meta property=\"og:image:type\" content=\"image\/webp\" \/>\n<meta name=\"twitter:card\" content=\"summary_large_image\" \/>\n<script type=\"application\/ld+json\" class=\"yoast-schema-graph\">{\"@context\":\"https:\/\/schema.org\",\"@graph\":[{\"@type\":\"WebPage\",\"@id\":\"https:\/\/gubertini.com\/de\/prodotto\/50-jahre-gereifter-balsamico-gran-riserva-del-fondatore-acetaia-gubertini\/\",\"url\":\"https:\/\/gubertini.com\/de\/prodotto\/50-jahre-gereifter-balsamico-gran-riserva-del-fondatore-acetaia-gubertini\/\",\"name\":\"50 Jahre gereifter Balsamico Gran Riserva del Fondatore Acetaia Gubertini - Acetaia Gubertini | Tradizione di Modena - Lusso &amp; Emozione\",\"isPartOf\":{\"@id\":\"https:\/\/gubertini.com\/de\/#website\"},\"primaryImageOfPage\":{\"@id\":\"https:\/\/gubertini.com\/de\/prodotto\/50-jahre-gereifter-balsamico-gran-riserva-del-fondatore-acetaia-gubertini\/#primaryimage\"},\"image\":{\"@id\":\"https:\/\/gubertini.com\/de\/prodotto\/50-jahre-gereifter-balsamico-gran-riserva-del-fondatore-acetaia-gubertini\/#primaryimage\"},\"thumbnailUrl\":\"https:\/\/gubertini.com\/wp-content\/uploads\/2024\/02\/50-ANNI-SITO-PROTTI32.jpg\",\"datePublished\":\"2024-02-01T10:54:25+00:00\",\"dateModified\":\"2026-02-05T11:06:07+00:00\",\"description\":\"Ein kompromissloses Sinneserlebnis. Balsamico-W\u00fcrze 50 Jahre, dickfl\u00fcssig und opulent. Das exklusivste Geschenk f\u00fcr Sammler und Gourmets.\",\"breadcrumb\":{\"@id\":\"https:\/\/gubertini.com\/de\/prodotto\/50-jahre-gereifter-balsamico-gran-riserva-del-fondatore-acetaia-gubertini\/#breadcrumb\"},\"inLanguage\":\"de\",\"potentialAction\":[{\"@type\":\"ReadAction\",\"target\":[\"https:\/\/gubertini.com\/de\/prodotto\/50-jahre-gereifter-balsamico-gran-riserva-del-fondatore-acetaia-gubertini\/\"]}]},{\"@type\":\"ImageObject\",\"inLanguage\":\"de\",\"@id\":\"https:\/\/gubertini.com\/de\/prodotto\/50-jahre-gereifter-balsamico-gran-riserva-del-fondatore-acetaia-gubertini\/#primaryimage\",\"url\":\"https:\/\/gubertini.com\/wp-content\/uploads\/2024\/02\/50-ANNI-SITO-PROTTI32.jpg\",\"contentUrl\":\"https:\/\/gubertini.com\/wp-content\/uploads\/2024\/02\/50-ANNI-SITO-PROTTI32.jpg\",\"width\":1181,\"height\":1181},{\"@type\":\"BreadcrumbList\",\"@id\":\"https:\/\/gubertini.com\/de\/prodotto\/50-jahre-gereifter-balsamico-gran-riserva-del-fondatore-acetaia-gubertini\/#breadcrumb\",\"itemListElement\":[{\"@type\":\"ListItem\",\"position\":1,\"name\":\"Startseite\",\"item\":\"https:\/\/gubertini.com\/de\/\"},{\"@type\":\"ListItem\",\"position\":2,\"name\":\"Shop\",\"item\":\"https:\/\/gubertini.com\/negozio\/\"},{\"@type\":\"ListItem\",\"position\":3,\"name\":\"50 Jahre gereifter Balsamico Gran Riserva del Fondatore Acetaia Gubertini\"}]},{\"@type\":\"WebSite\",\"@id\":\"https:\/\/gubertini.com\/de\/#website\",\"url\":\"https:\/\/gubertini.com\/de\/\",\"name\":\"Acetaia Gubertini | Tradizione - Lusso - Emozione\",\"description\":\"\",\"publisher\":{\"@id\":\"https:\/\/gubertini.com\/de\/#organization\"},\"potentialAction\":[{\"@type\":\"SearchAction\",\"target\":{\"@type\":\"EntryPoint\",\"urlTemplate\":\"https:\/\/gubertini.com\/de\/?s={search_term_string}\"},\"query-input\":{\"@type\":\"PropertyValueSpecification\",\"valueRequired\":true,\"valueName\":\"search_term_string\"}}],\"inLanguage\":\"de\"},{\"@type\":\"Organization\",\"@id\":\"https:\/\/gubertini.com\/de\/#organization\",\"name\":\"Acetaia Gubertini\",\"url\":\"https:\/\/gubertini.com\/de\/\",\"logo\":{\"@type\":\"ImageObject\",\"inLanguage\":\"de\",\"@id\":\"https:\/\/gubertini.com\/de\/#\/schema\/logo\/image\/\",\"url\":\"https:\/\/gubertini.com\/wp-content\/uploads\/2024\/01\/Logo_Scudo_a-colori_2025.webp\",\"contentUrl\":\"https:\/\/gubertini.com\/wp-content\/uploads\/2024\/01\/Logo_Scudo_a-colori_2025.webp\",\"width\":1927,\"height\":1655,\"caption\":\"Acetaia Gubertini\"},\"image\":{\"@id\":\"https:\/\/gubertini.com\/de\/#\/schema\/logo\/image\/\"},\"sameAs\":[\"https:\/\/www.instagram.com\/acetaiagubertini\"]}]}<\/script>\n<!-- \/ Yoast SEO plugin. -->","yoast_head_json":{"title":"50 Jahre gereifter Balsamico Gran Riserva del Fondatore Acetaia Gubertini - Acetaia Gubertini | Tradizione di Modena - Lusso &amp; Emozione","description":"Ein kompromissloses Sinneserlebnis. Balsamico-W\u00fcrze 50 Jahre, dickfl\u00fcssig und opulent. Das exklusivste Geschenk f\u00fcr Sammler und Gourmets.","robots":{"index":"index","follow":"follow","max-snippet":"max-snippet:-1","max-image-preview":"max-image-preview:large","max-video-preview":"max-video-preview:-1"},"canonical":"https:\/\/gubertini.com\/de\/prodotto\/50-jahre-gereifter-balsamico-gran-riserva-del-fondatore-acetaia-gubertini\/","og_locale":"de_DE","og_type":"article","og_title":"50 Jahre gereifter Balsamico Gran Riserva del Fondatore Acetaia Gubertini - Acetaia Gubertini | Tradizione di Modena - Lusso &amp; Emozione","og_description":"Ein kompromissloses Sinneserlebnis. Balsamico-W\u00fcrze 50 Jahre, dickfl\u00fcssig und opulent. Das exklusivste Geschenk f\u00fcr Sammler und Gourmets.","og_url":"https:\/\/gubertini.com\/de\/prodotto\/50-jahre-gereifter-balsamico-gran-riserva-del-fondatore-acetaia-gubertini\/","og_site_name":"Acetaia Gubertini | Tradizione di Modena - Lusso &amp; Emozione","article_publisher":"https:\/\/www.instagram.com\/acetaiagubertini","article_modified_time":"2026-02-05T11:06:07+00:00","og_image":[{"width":1500,"height":1500,"url":"https:\/\/gubertini.com\/wp-content\/uploads\/2024\/02\/50-ANNI.webp","type":"image\/webp"}],"twitter_card":"summary_large_image","schema":{"@context":"https:\/\/schema.org","@graph":[{"@type":"WebPage","@id":"https:\/\/gubertini.com\/de\/prodotto\/50-jahre-gereifter-balsamico-gran-riserva-del-fondatore-acetaia-gubertini\/","url":"https:\/\/gubertini.com\/de\/prodotto\/50-jahre-gereifter-balsamico-gran-riserva-del-fondatore-acetaia-gubertini\/","name":"50 Jahre gereifter Balsamico Gran Riserva del Fondatore Acetaia Gubertini - Acetaia Gubertini | Tradizione di Modena - Lusso &amp; Emozione","isPartOf":{"@id":"https:\/\/gubertini.com\/de\/#website"},"primaryImageOfPage":{"@id":"https:\/\/gubertini.com\/de\/prodotto\/50-jahre-gereifter-balsamico-gran-riserva-del-fondatore-acetaia-gubertini\/#primaryimage"},"image":{"@id":"https:\/\/gubertini.com\/de\/prodotto\/50-jahre-gereifter-balsamico-gran-riserva-del-fondatore-acetaia-gubertini\/#primaryimage"},"thumbnailUrl":"https:\/\/gubertini.com\/wp-content\/uploads\/2024\/02\/50-ANNI-SITO-PROTTI32.jpg","datePublished":"2024-02-01T10:54:25+00:00","dateModified":"2026-02-05T11:06:07+00:00","description":"Ein kompromissloses Sinneserlebnis. Balsamico-W\u00fcrze 50 Jahre, dickfl\u00fcssig und opulent. Das exklusivste Geschenk f\u00fcr Sammler und Gourmets.","breadcrumb":{"@id":"https:\/\/gubertini.com\/de\/prodotto\/50-jahre-gereifter-balsamico-gran-riserva-del-fondatore-acetaia-gubertini\/#breadcrumb"},"inLanguage":"de","potentialAction":[{"@type":"ReadAction","target":["https:\/\/gubertini.com\/de\/prodotto\/50-jahre-gereifter-balsamico-gran-riserva-del-fondatore-acetaia-gubertini\/"]}]},{"@type":"ImageObject","inLanguage":"de","@id":"https:\/\/gubertini.com\/de\/prodotto\/50-jahre-gereifter-balsamico-gran-riserva-del-fondatore-acetaia-gubertini\/#primaryimage","url":"https:\/\/gubertini.com\/wp-content\/uploads\/2024\/02\/50-ANNI-SITO-PROTTI32.jpg","contentUrl":"https:\/\/gubertini.com\/wp-content\/uploads\/2024\/02\/50-ANNI-SITO-PROTTI32.jpg","width":1181,"height":1181},{"@type":"BreadcrumbList","@id":"https:\/\/gubertini.com\/de\/prodotto\/50-jahre-gereifter-balsamico-gran-riserva-del-fondatore-acetaia-gubertini\/#breadcrumb","itemListElement":[{"@type":"ListItem","position":1,"name":"Startseite","item":"https:\/\/gubertini.com\/de\/"},{"@type":"ListItem","position":2,"name":"Shop","item":"https:\/\/gubertini.com\/negozio\/"},{"@type":"ListItem","position":3,"name":"50 Jahre gereifter Balsamico Gran Riserva del Fondatore Acetaia Gubertini"}]},{"@type":"WebSite","@id":"https:\/\/gubertini.com\/de\/#website","url":"https:\/\/gubertini.com\/de\/","name":"Acetaia Gubertini | Tradizione - Lusso - Emozione","description":"","publisher":{"@id":"https:\/\/gubertini.com\/de\/#organization"},"potentialAction":[{"@type":"SearchAction","target":{"@type":"EntryPoint","urlTemplate":"https:\/\/gubertini.com\/de\/?s={search_term_string}"},"query-input":{"@type":"PropertyValueSpecification","valueRequired":true,"valueName":"search_term_string"}}],"inLanguage":"de"},{"@type":"Organization","@id":"https:\/\/gubertini.com\/de\/#organization","name":"Acetaia Gubertini","url":"https:\/\/gubertini.com\/de\/","logo":{"@type":"ImageObject","inLanguage":"de","@id":"https:\/\/gubertini.com\/de\/#\/schema\/logo\/image\/","url":"https:\/\/gubertini.com\/wp-content\/uploads\/2024\/01\/Logo_Scudo_a-colori_2025.webp","contentUrl":"https:\/\/gubertini.com\/wp-content\/uploads\/2024\/01\/Logo_Scudo_a-colori_2025.webp","width":1927,"height":1655,"caption":"Acetaia Gubertini"},"image":{"@id":"https:\/\/gubertini.com\/de\/#\/schema\/logo\/image\/"},"sameAs":["https:\/\/www.instagram.com\/acetaiagubertini"]}]}},"_links":{"self":[{"href":"https:\/\/gubertini.com\/de\/wp-json\/wp\/v2\/product\/3022","targetHints":{"allow":["GET"]}}],"collection":[{"href":"https:\/\/gubertini.com\/de\/wp-json\/wp\/v2\/product"}],"about":[{"href":"https:\/\/gubertini.com\/de\/wp-json\/wp\/v2\/types\/product"}],"wp:featuredmedia":[{"embeddable":true,"href":"https:\/\/gubertini.com\/de\/wp-json\/wp\/v2\/media\/3930"}],"wp:attachment":[{"href":"https:\/\/gubertini.com\/de\/wp-json\/wp\/v2\/media?parent=3022"}],"wp:term":[{"taxonomy":"product_brand","embeddable":true,"href":"https:\/\/gubertini.com\/de\/wp-json\/wp\/v2\/product_brand?post=3022"},{"taxonomy":"product_cat","embeddable":true,"href":"https:\/\/gubertini.com\/de\/wp-json\/wp\/v2\/product_cat?post=3022"},{"taxonomy":"product_tag","embeddable":true,"href":"https:\/\/gubertini.com\/de\/wp-json\/wp\/v2\/product_tag?post=3022"}],"curies":[{"name":"wp","href":"https:\/\/api.w.org\/{rel}","templated":true}]}}