{"id":2887,"date":"2025-12-01T09:52:33","date_gmt":"2025-12-01T08:52:33","guid":{"rendered":"https:\/\/gubertini.com\/?page_id=2887"},"modified":"2025-12-01T13:37:18","modified_gmt":"2025-12-01T12:37:18","slug":"arbeiten-sie-mit-uns","status":"publish","type":"page","link":"https:\/\/gubertini.com\/de\/arbeiten-sie-mit-uns\/","title":{"rendered":"Arbeiten Sie mit uns"},"content":{"rendered":"\t\t<div data-elementor-type=\"wp-page\" data-elementor-id=\"2887\" class=\"elementor elementor-2887 elementor-1347\" data-elementor-post-type=\"page\">\n\t\t\t\t<div class=\"elementor-element elementor-element-77101a4 e-con-full e-flex e-con e-parent\" data-id=\"77101a4\" data-element_type=\"container\" data-e-type=\"container\" data-settings=\"{&quot;background_background&quot;:&quot;classic&quot;,&quot;background_motion_fx_translateY_effect&quot;:&quot;yes&quot;,&quot;background_motion_fx_devices&quot;:[&quot;desktop&quot;,&quot;tablet&quot;],&quot;background_motion_fx_motion_fx_scrolling&quot;:&quot;yes&quot;,&quot;background_motion_fx_translateY_speed&quot;:{&quot;unit&quot;:&quot;px&quot;,&quot;size&quot;:1.8,&quot;sizes&quot;:[]},&quot;background_motion_fx_translateY_affectedRange&quot;:{&quot;unit&quot;:&quot;%&quot;,&quot;size&quot;:&quot;&quot;,&quot;sizes&quot;:{&quot;start&quot;:2,&quot;end&quot;:100}},&quot;background_motion_fx_range&quot;:&quot;page&quot;}\">\n\t\t<div class=\"elementor-element elementor-element-2f97f52 e-flex e-con-boxed elementor-invisible e-con e-child\" data-id=\"2f97f52\" data-element_type=\"container\" data-e-type=\"container\" data-settings=\"{&quot;animation&quot;:&quot;fadeInDown&quot;}\">\n\t\t\t\t\t<div class=\"e-con-inner\">\n\t\t\t\t<div class=\"elementor-element elementor-element-cea0c32 elementor-widget elementor-widget-text-editor\" data-id=\"cea0c32\" data-element_type=\"widget\" data-e-type=\"widget\" id=\"bread\" data-widget_type=\"text-editor.default\">\n\t\t\t\t\t\t\t\t\t<p><a href=\"https:\/\/gubertini.com\/de\/\">STARTSEITE<\/a> \/ Arbeiten Sie mit uns<\/p>\t\t\t\t\t\t\t\t<\/div>\n\t\t\t\t<div class=\"elementor-element elementor-element-ee321a1 elementor-widget elementor-widget-heading\" data-id=\"ee321a1\" data-element_type=\"widget\" data-e-type=\"widget\" data-widget_type=\"heading.default\">\n\t\t\t\t\t<h2 class=\"elementor-heading-title elementor-size-default\">EINE ITALIENISCHE EXZELLENZ ZUM TEILEN<\/h2>\t\t\t\t<\/div>\n\t\t\t\t\t<\/div>\n\t\t\t\t<\/div>\n\t\t\t\t<\/div>\n\t\t<div class=\"elementor-element elementor-element-599901b e-flex e-con-boxed e-con e-parent\" data-id=\"599901b\" data-element_type=\"container\" data-e-type=\"container\" data-settings=\"{&quot;background_background&quot;:&quot;classic&quot;}\">\n\t\t\t\t\t<div class=\"e-con-inner\">\n\t\t\t\t<div class=\"elementor-element elementor-element-c22edde elementor-widget elementor-widget-heading\" data-id=\"c22edde\" data-element_type=\"widget\" data-e-type=\"widget\" data-widget_type=\"heading.default\">\n\t\t\t\t\t<h2 class=\"elementor-heading-title elementor-size-default\">Acetaia Gubertini,<br>eine italienische Exzellenz zum Teilen<\/h2>\t\t\t\t<\/div>\n\t\t\t\t\t<\/div>\n\t\t\t\t<\/div>\n\t\t<div class=\"elementor-element elementor-element-113a1fb e-con-full e-flex e-con e-parent\" data-id=\"113a1fb\" data-element_type=\"container\" data-e-type=\"container\" data-settings=\"{&quot;background_background&quot;:&quot;classic&quot;,&quot;background_motion_fx_motion_fx_scrolling&quot;:&quot;yes&quot;,&quot;background_motion_fx_translateY_effect&quot;:&quot;yes&quot;,&quot;background_motion_fx_translateY_speed&quot;:{&quot;unit&quot;:&quot;px&quot;,&quot;size&quot;:5,&quot;sizes&quot;:[]},&quot;background_motion_fx_translateY_affectedRange&quot;:{&quot;unit&quot;:&quot;%&quot;,&quot;size&quot;:&quot;&quot;,&quot;sizes&quot;:{&quot;start&quot;:0,&quot;end&quot;:100}},&quot;background_motion_fx_devices&quot;:[&quot;desktop&quot;,&quot;tablet&quot;,&quot;mobile&quot;]}\">\n\t\t<div class=\"elementor-element elementor-element-a4fd777 e-con-full e-flex e-con e-child\" data-id=\"a4fd777\" data-element_type=\"container\" data-e-type=\"container\">\n\t\t\t\t<div class=\"elementor-element elementor-element-87bd3df elementor-widget elementor-widget-text-editor\" data-id=\"87bd3df\" data-element_type=\"widget\" data-e-type=\"widget\" data-widget_type=\"text-editor.default\">\n\t\t\t\t\t\t\t\t\t<p class=\"p1\"><b>Sind Sie<\/b> ein Fachmann, Agent, Vermittler oder Importeur auf der Suche nach einem <b>einzigartigen Produkt der Spitzenklasse<\/b> mit einer authentischen Geschichte f\u00fcr Ihren Katalog?<\/p>\t\t\t\t\t\t\t\t<\/div>\n\t\t\t\t<div class=\"elementor-element elementor-element-61f55d6 elementor-widget elementor-widget-text-editor\" data-id=\"61f55d6\" data-element_type=\"widget\" data-e-type=\"widget\" data-widget_type=\"text-editor.default\">\n\t\t\t\t\t\t\t\t\t<p class=\"p1\"><b>Acetaia Gubertini<\/b> bietet Ihnen die M\u00f6glichkeit, eine Partnerschaft mit einem traditionsreichen Unternehmen einzugehen, das hochwertige Balsamico-W\u00fcrzmittel herstellt.<\/p>\t\t\t\t\t\t\t\t<\/div>\n\t\t\t\t<div class=\"elementor-element elementor-element-93e9689 elementor-widget elementor-widget-text-editor\" data-id=\"93e9689\" data-element_type=\"widget\" data-e-type=\"widget\" data-widget_type=\"text-editor.default\">\n\t\t\t\t\t\t\t\t\t<h4>Warum Sie Acetaia Gubertini f\u00fcr Ihr Gesch\u00e4ft w\u00e4hlen sollten:<\/h4><ul data-path-to-node=\"7\"><li><p data-path-to-node=\"7,0,0\"><b>Eine prestigetr\u00e4chtige Marke:<\/b> Seit \u00fcber einem Jahrhundert steht Acetaia Gubertini f\u00fcr <b>unvergleichliche Qualit\u00e4t und tiefe Tradition<\/b>. Wenn Sie uns w\u00e4hlen, bieten Sie Ihren Kunden den authentischen Wert des Made in Italy. <\/p><\/li><li><p data-path-to-node=\"7,1,0\"><b>Ein exklusives Produkt:<\/b> Unser Balsamico ist das Ergebnis einer <b>langsamen und kundigen handwerklichen Verarbeitung<\/b>, ein Prozess, der es zu einem unnachahmlichen und unverwechselbaren Produkt macht.<\/p><\/li><li><p data-path-to-node=\"7,2,0\"><b>Maximale Flexibilit\u00e4t:<\/b> Wir bieten Ihnen eine breite Palette von Balsamico-Essigen, die darauf ausgelegt sind, die Bed\u00fcrfnisse all Ihrer Kunden zu erf\u00fcllen, vom qualit\u00e4tsbewussten Privatverbraucher bis hin zu <b>Kan\u00e4len der gehobenen Gastronomie<\/b>.<\/p><\/li><li><p data-path-to-node=\"7,3,0\"><b>Garantierte Unterst\u00fctzung:<\/b> Unser Expertenteam steht Ihnen jederzeit zur Verf\u00fcgung, um Ihnen Unterst\u00fctzung, Beratung und <b>alle notwendigen Fachkenntnisse<\/b> zu bieten, um die f\u00fcr Ihren Markt am besten geeigneten Produkte auszuw\u00e4hlen und zu f\u00f6rdern.<\/p><\/li><\/ul>\t\t\t\t\t\t\t\t<\/div>\n\t\t\t\t<div class=\"elementor-element elementor-element-8720c53 elementor-widget elementor-widget-text-editor\" data-id=\"8720c53\" data-element_type=\"widget\" data-e-type=\"widget\" data-widget_type=\"text-editor.default\">\n\t\t\t\t\t\t\t\t\t<p class=\"p1\">Wenn Sie an dieser Zusammenarbeit interessiert sind, <b>kontaktieren Sie uns bitte umgehend<\/b>.<\/p>\t\t\t\t\t\t\t\t<\/div>\n\t\t\t\t<div class=\"elementor-element elementor-element-27dad51 elementor-widget elementor-widget-text-editor\" data-id=\"27dad51\" data-element_type=\"widget\" data-e-type=\"widget\" data-widget_type=\"text-editor.default\">\n\t\t\t\t\t\t\t\t\t<p class=\"p1\">Acetaia Gubertini: Die italienische Tradition, Ihr Wettbewerbsvorteil.<\/p>\t\t\t\t\t\t\t\t<\/div>\n\t\t\t\t<\/div>\n\t\t<div class=\"elementor-element elementor-element-0fdd7d6 e-con-full e-flex e-con e-child\" data-id=\"0fdd7d6\" data-element_type=\"container\" data-e-type=\"container\" data-settings=\"{&quot;background_background&quot;:&quot;classic&quot;}\">\n\t\t\t\t<div class=\"elementor-element elementor-element-fe26e9f elementor-widget elementor-widget-heading\" data-id=\"fe26e9f\" data-element_type=\"widget\" data-e-type=\"widget\" data-widget_type=\"heading.default\">\n\t\t\t\t\t<h2 class=\"elementor-heading-title elementor-size-default\">Kontaktformular\n<\/h2>\t\t\t\t<\/div>\n\t\t\t\t<div class=\"elementor-element elementor-element-f4d2880 elementor-button-align-stretch elementor-widget elementor-widget-form\" data-id=\"f4d2880\" data-element_type=\"widget\" data-e-type=\"widget\" data-settings=\"{&quot;step_next_label&quot;:&quot;Weiter&quot;,&quot;step_previous_label&quot;:&quot;Zur\\u00fcck&quot;,&quot;button_width&quot;:&quot;100&quot;,&quot;step_type&quot;:&quot;number_text&quot;,&quot;step_icon_shape&quot;:&quot;circle&quot;}\" data-widget_type=\"form.default\">\n\t\t\t\t\t\t\t<form class=\"elementor-form\" method=\"post\" name=\"Neues Formular\" aria-label=\"Neues Formular\">\n\t\t\t<input type=\"hidden\" name=\"post_id\" value=\"2887\"\/>\n\t\t\t<input type=\"hidden\" name=\"form_id\" value=\"f4d2880\"\/>\n\t\t\t<input type=\"hidden\" name=\"referer_title\" value=\"Arbeiten Sie mit uns - Acetaia Gubertini | Tradizione di Modena - Lusso &amp; Emozione\" \/>\n\n\t\t\t\t\t\t\t<input type=\"hidden\" name=\"queried_id\" value=\"2887\"\/>\n\t\t\t\n\t\t\t<div class=\"elementor-form-fields-wrapper elementor-labels-\">\n\t\t\t\t\t\t\t\t<div class=\"elementor-field-type-text elementor-field-group elementor-column elementor-field-group-name elementor-col-100 elementor-field-required\">\n\t\t\t\t\t\t\t\t\t\t\t\t<label for=\"form-field-name\" class=\"elementor-field-label elementor-screen-only\">\n\t\t\t\t\t\t\t\tName\t\t\t\t\t\t\t<\/label>\n\t\t\t\t\t\t\t\t\t\t\t\t\t\t<input size=\"1\" type=\"text\" name=\"form_fields[name]\" id=\"form-field-name\" class=\"elementor-field elementor-size-sm  elementor-field-textual\" placeholder=\"Name*\" required=\"required\">\n\t\t\t\t\t\t\t\t\t\t\t<\/div>\n\t\t\t\t\t\t\t\t<div class=\"elementor-field-type-text elementor-field-group elementor-column elementor-field-group-field_713f69e elementor-col-100 elementor-field-required\">\n\t\t\t\t\t\t\t\t\t\t\t\t<label for=\"form-field-field_713f69e\" class=\"elementor-field-label elementor-screen-only\">\n\t\t\t\t\t\t\t\tNachname\t\t\t\t\t\t\t<\/label>\n\t\t\t\t\t\t\t\t\t\t\t\t\t\t<input size=\"1\" type=\"text\" name=\"form_fields[field_713f69e]\" id=\"form-field-field_713f69e\" class=\"elementor-field elementor-size-sm  elementor-field-textual\" placeholder=\"Nachname*\" required=\"required\">\n\t\t\t\t\t\t\t\t\t\t\t<\/div>\n\t\t\t\t\t\t\t\t<div class=\"elementor-field-type-text elementor-field-group elementor-column elementor-field-group-field_8cc7991 elementor-col-100\">\n\t\t\t\t\t\t\t\t\t\t\t\t<label for=\"form-field-field_8cc7991\" class=\"elementor-field-label elementor-screen-only\">\n\t\t\t\t\t\t\t\tUnternehmen\t\t\t\t\t\t\t<\/label>\n\t\t\t\t\t\t\t\t\t\t\t\t\t\t<input size=\"1\" type=\"text\" name=\"form_fields[field_8cc7991]\" id=\"form-field-field_8cc7991\" class=\"elementor-field elementor-size-sm  elementor-field-textual\" placeholder=\"Unternehmen\">\n\t\t\t\t\t\t\t\t\t\t\t<\/div>\n\t\t\t\t\t\t\t\t<div class=\"elementor-field-type-email elementor-field-group elementor-column elementor-field-group-email elementor-col-50 elementor-field-required\">\n\t\t\t\t\t\t\t\t\t\t\t\t<label for=\"form-field-email\" class=\"elementor-field-label elementor-screen-only\">\n\t\t\t\t\t\t\t\tE-Mail\t\t\t\t\t\t\t<\/label>\n\t\t\t\t\t\t\t\t\t\t\t\t\t\t<input size=\"1\" type=\"email\" name=\"form_fields[email]\" id=\"form-field-email\" class=\"elementor-field elementor-size-sm  elementor-field-textual\" placeholder=\"E-Mail*\" required=\"required\">\n\t\t\t\t\t\t\t\t\t\t\t<\/div>\n\t\t\t\t\t\t\t\t<div class=\"elementor-field-type-tel elementor-field-group elementor-column elementor-field-group-field_8c7a0b7 elementor-col-50 elementor-field-required\">\n\t\t\t\t\t\t\t\t\t\t\t\t<label for=\"form-field-field_8c7a0b7\" class=\"elementor-field-label elementor-screen-only\">\n\t\t\t\t\t\t\t\tTel\t\t\t\t\t\t\t<\/label>\n\t\t\t\t\t\t\t\t<input size=\"1\" type=\"tel\" name=\"form_fields[field_8c7a0b7]\" id=\"form-field-field_8c7a0b7\" class=\"elementor-field elementor-size-sm  elementor-field-textual\" placeholder=\"Telefon\" required=\"required\" pattern=\"[0-9()#&amp;+*-=.]+\" title=\"Nur Nummern oder Telefon-Zeichen (#, -, *, etc) werden akzeptiert.\">\n\n\t\t\t\t\t\t<\/div>\n\t\t\t\t\t\t\t\t<div class=\"elementor-field-type-textarea elementor-field-group elementor-column elementor-field-group-message elementor-col-100 elementor-field-required\">\n\t\t\t\t\t\t\t\t\t\t\t\t<label for=\"form-field-message\" class=\"elementor-field-label elementor-screen-only\">\n\t\t\t\t\t\t\t\tNachricht\t\t\t\t\t\t\t<\/label>\n\t\t\t\t\t\t<textarea class=\"elementor-field-textual elementor-field  elementor-size-sm\" name=\"form_fields[message]\" id=\"form-field-message\" rows=\"4\" placeholder=\"Nachricht*\" required=\"required\"><\/textarea>\t\t\t\t<\/div>\n\t\t\t\t\t\t\t\t<div class=\"elementor-field-type-acceptance elementor-field-group elementor-column elementor-field-group-privacy elementor-col-100 elementor-field-required\">\n\t\t\t\t\t\t\t<div class=\"elementor-field-subgroup\">\n\t\t\t<span class=\"elementor-field-option\">\n\t\t\t\t<input type=\"checkbox\" name=\"form_fields[privacy]\" id=\"form-field-privacy\" class=\"elementor-field elementor-size-sm  elementor-acceptance-field\" required=\"required\">\n\t\t\t\t<label for=\"form-field-privacy\">Ich stimme der Verarbeitung meiner personenbezogenen Daten gem\u00e4\u00df der EU-Verordnung 2016\/679 (DSGVO) zu*<\/label>\t\t\t<\/span>\n\t\t<\/div>\n\t\t\t\t\t\t<\/div>\n\t\t\t\t\t\t\t\t<div class=\"elementor-field-type-recaptcha_v3 elementor-field-group elementor-column elementor-field-group-field_48f6972 elementor-col-100 recaptcha_v3-bottomright\">\n\t\t\t\t\t<div class=\"elementor-field\" id=\"form-field-field_48f6972\"><div class=\"elementor-g-recaptcha\" data-sitekey=\"6Lf3OHkpAAAAAPCVesSu6FztTABTUTzimB1Y6uPc\" data-type=\"v3\" data-action=\"Form\" data-badge=\"bottomright\" data-size=\"invisible\"><\/div><\/div>\t\t\t\t<\/div>\n\t\t\t\t\t\t\t\t<div class=\"elementor-field-group elementor-column elementor-field-type-submit elementor-col-100 e-form__buttons\">\n\t\t\t\t\t<button class=\"elementor-button elementor-size-sm\" type=\"submit\">\n\t\t\t\t\t\t<span class=\"elementor-button-content-wrapper\">\n\t\t\t\t\t\t\t\t\t\t\t\t\t\t\t\t\t\t\t\t\t\t<span class=\"elementor-button-text\">Senden<\/span>\n\t\t\t\t\t\t\t\t\t\t\t\t\t<\/span>\n\t\t\t\t\t<\/button>\n\t\t\t\t<\/div>\n\t\t\t<\/div>\n\t\t<\/form>\n\t\t\t\t\t\t<\/div>\n\t\t\t\t<\/div>\n\t\t\t\t<\/div>\n\t\t\t\t<\/div>\n\t\t","protected":false},"excerpt":{"rendered":"<p>STARTSEITE \/ Arbeiten Sie mit uns EINE ITALIENISCHE EXZELLENZ ZUM TEILEN Acetaia Gubertini,eine italienische Exzellenz zum Teilen Sind Sie ein Fachmann, Agent, Vermittler oder Importeur auf der Suche nach einem einzigartigen Produkt der Spitzenklasse mit einer authentischen Geschichte f\u00fcr Ihren Katalog? Acetaia Gubertini bietet Ihnen die M\u00f6glichkeit, eine Partnerschaft mit einem traditionsreichen Unternehmen einzugehen, das [&hellip;]<\/p>\n","protected":false},"author":1,"featured_media":0,"parent":0,"menu_order":0,"comment_status":"closed","ping_status":"closed","template":"","meta":{"_acf_changed":false,"footnotes":""},"class_list":["post-2887","page","type-page","status-publish","hentry"],"acf":[],"yoast_head":"<!-- This site is optimized with the Yoast SEO plugin v27.2 - https:\/\/yoast.com\/product\/yoast-seo-wordpress\/ -->\n<title>Arbeiten Sie mit uns - Acetaia Gubertini | Tradizione di Modena - Lusso &amp; Emozione<\/title>\n<meta name=\"robots\" content=\"index, follow, max-snippet:-1, max-image-preview:large, max-video-preview:-1\" \/>\n<link rel=\"canonical\" href=\"https:\/\/gubertini.com\/de\/arbeiten-sie-mit-uns\/\" \/>\n<meta property=\"og:locale\" content=\"de_DE\" \/>\n<meta property=\"og:type\" content=\"article\" \/>\n<meta property=\"og:title\" content=\"Arbeiten Sie mit uns - Acetaia Gubertini | Tradizione di Modena - Lusso &amp; Emozione\" \/>\n<meta property=\"og:description\" content=\"STARTSEITE \/ Arbeiten Sie mit uns EINE ITALIENISCHE EXZELLENZ ZUM TEILEN Acetaia Gubertini,eine italienische Exzellenz zum Teilen Sind Sie ein Fachmann, Agent, Vermittler oder Importeur auf der Suche nach einem einzigartigen Produkt der Spitzenklasse mit einer authentischen Geschichte f\u00fcr Ihren Katalog? Acetaia Gubertini bietet Ihnen die M\u00f6glichkeit, eine Partnerschaft mit einem traditionsreichen Unternehmen einzugehen, das [&hellip;]\" \/>\n<meta property=\"og:url\" content=\"https:\/\/gubertini.com\/de\/arbeiten-sie-mit-uns\/\" \/>\n<meta property=\"og:site_name\" content=\"Acetaia Gubertini | Tradizione di Modena - Lusso &amp; Emozione\" \/>\n<meta property=\"article:publisher\" content=\"https:\/\/www.instagram.com\/acetaiagubertini\" \/>\n<meta property=\"article:modified_time\" content=\"2025-12-01T12:37:18+00:00\" \/>\n<meta name=\"twitter:card\" content=\"summary_large_image\" \/>\n<meta name=\"twitter:label1\" content=\"Gesch\u00e4tzte Lesezeit\" \/>\n\t<meta name=\"twitter:data1\" content=\"1\u00a0Minute\" \/>\n<script type=\"application\/ld+json\" class=\"yoast-schema-graph\">{\"@context\":\"https:\/\/schema.org\",\"@graph\":[{\"@type\":\"WebPage\",\"@id\":\"https:\/\/gubertini.com\/de\/arbeiten-sie-mit-uns\/\",\"url\":\"https:\/\/gubertini.com\/de\/arbeiten-sie-mit-uns\/\",\"name\":\"Arbeiten Sie mit uns - Acetaia Gubertini | Tradizione di Modena - Lusso &amp; Emozione\",\"isPartOf\":{\"@id\":\"https:\/\/gubertini.com\/de\/#website\"},\"datePublished\":\"2025-12-01T08:52:33+00:00\",\"dateModified\":\"2025-12-01T12:37:18+00:00\",\"breadcrumb\":{\"@id\":\"https:\/\/gubertini.com\/de\/arbeiten-sie-mit-uns\/#breadcrumb\"},\"inLanguage\":\"de\",\"potentialAction\":[{\"@type\":\"ReadAction\",\"target\":[\"https:\/\/gubertini.com\/de\/arbeiten-sie-mit-uns\/\"]}]},{\"@type\":\"BreadcrumbList\",\"@id\":\"https:\/\/gubertini.com\/de\/arbeiten-sie-mit-uns\/#breadcrumb\",\"itemListElement\":[{\"@type\":\"ListItem\",\"position\":1,\"name\":\"Startseite\",\"item\":\"https:\/\/gubertini.com\/de\/\"},{\"@type\":\"ListItem\",\"position\":2,\"name\":\"Arbeiten Sie mit uns\"}]},{\"@type\":\"WebSite\",\"@id\":\"https:\/\/gubertini.com\/de\/#website\",\"url\":\"https:\/\/gubertini.com\/de\/\",\"name\":\"Acetaia Gubertini | Tradizione - Lusso - Emozione\",\"description\":\"\",\"publisher\":{\"@id\":\"https:\/\/gubertini.com\/de\/#organization\"},\"potentialAction\":[{\"@type\":\"SearchAction\",\"target\":{\"@type\":\"EntryPoint\",\"urlTemplate\":\"https:\/\/gubertini.com\/de\/?s={search_term_string}\"},\"query-input\":{\"@type\":\"PropertyValueSpecification\",\"valueRequired\":true,\"valueName\":\"search_term_string\"}}],\"inLanguage\":\"de\"},{\"@type\":\"Organization\",\"@id\":\"https:\/\/gubertini.com\/de\/#organization\",\"name\":\"Acetaia Gubertini\",\"url\":\"https:\/\/gubertini.com\/de\/\",\"logo\":{\"@type\":\"ImageObject\",\"inLanguage\":\"de\",\"@id\":\"https:\/\/gubertini.com\/de\/#\/schema\/logo\/image\/\",\"url\":\"https:\/\/gubertini.com\/wp-content\/uploads\/2024\/01\/Logo_Scudo_a-colori_2025.webp\",\"contentUrl\":\"https:\/\/gubertini.com\/wp-content\/uploads\/2024\/01\/Logo_Scudo_a-colori_2025.webp\",\"width\":1927,\"height\":1655,\"caption\":\"Acetaia Gubertini\"},\"image\":{\"@id\":\"https:\/\/gubertini.com\/de\/#\/schema\/logo\/image\/\"},\"sameAs\":[\"https:\/\/www.instagram.com\/acetaiagubertini\"]}]}<\/script>\n<!-- \/ Yoast SEO plugin. -->","yoast_head_json":{"title":"Arbeiten Sie mit uns - Acetaia Gubertini | Tradizione di Modena - Lusso &amp; Emozione","robots":{"index":"index","follow":"follow","max-snippet":"max-snippet:-1","max-image-preview":"max-image-preview:large","max-video-preview":"max-video-preview:-1"},"canonical":"https:\/\/gubertini.com\/de\/arbeiten-sie-mit-uns\/","og_locale":"de_DE","og_type":"article","og_title":"Arbeiten Sie mit uns - Acetaia Gubertini | Tradizione di Modena - Lusso &amp; Emozione","og_description":"STARTSEITE \/ Arbeiten Sie mit uns EINE ITALIENISCHE EXZELLENZ ZUM TEILEN Acetaia Gubertini,eine italienische Exzellenz zum Teilen Sind Sie ein Fachmann, Agent, Vermittler oder Importeur auf der Suche nach einem einzigartigen Produkt der Spitzenklasse mit einer authentischen Geschichte f\u00fcr Ihren Katalog? Acetaia Gubertini bietet Ihnen die M\u00f6glichkeit, eine Partnerschaft mit einem traditionsreichen Unternehmen einzugehen, das [&hellip;]","og_url":"https:\/\/gubertini.com\/de\/arbeiten-sie-mit-uns\/","og_site_name":"Acetaia Gubertini | Tradizione di Modena - Lusso &amp; Emozione","article_publisher":"https:\/\/www.instagram.com\/acetaiagubertini","article_modified_time":"2025-12-01T12:37:18+00:00","twitter_card":"summary_large_image","twitter_misc":{"Gesch\u00e4tzte Lesezeit":"1\u00a0Minute"},"schema":{"@context":"https:\/\/schema.org","@graph":[{"@type":"WebPage","@id":"https:\/\/gubertini.com\/de\/arbeiten-sie-mit-uns\/","url":"https:\/\/gubertini.com\/de\/arbeiten-sie-mit-uns\/","name":"Arbeiten Sie mit uns - Acetaia Gubertini | Tradizione di Modena - Lusso &amp; Emozione","isPartOf":{"@id":"https:\/\/gubertini.com\/de\/#website"},"datePublished":"2025-12-01T08:52:33+00:00","dateModified":"2025-12-01T12:37:18+00:00","breadcrumb":{"@id":"https:\/\/gubertini.com\/de\/arbeiten-sie-mit-uns\/#breadcrumb"},"inLanguage":"de","potentialAction":[{"@type":"ReadAction","target":["https:\/\/gubertini.com\/de\/arbeiten-sie-mit-uns\/"]}]},{"@type":"BreadcrumbList","@id":"https:\/\/gubertini.com\/de\/arbeiten-sie-mit-uns\/#breadcrumb","itemListElement":[{"@type":"ListItem","position":1,"name":"Startseite","item":"https:\/\/gubertini.com\/de\/"},{"@type":"ListItem","position":2,"name":"Arbeiten Sie mit uns"}]},{"@type":"WebSite","@id":"https:\/\/gubertini.com\/de\/#website","url":"https:\/\/gubertini.com\/de\/","name":"Acetaia Gubertini | Tradizione - Lusso - Emozione","description":"","publisher":{"@id":"https:\/\/gubertini.com\/de\/#organization"},"potentialAction":[{"@type":"SearchAction","target":{"@type":"EntryPoint","urlTemplate":"https:\/\/gubertini.com\/de\/?s={search_term_string}"},"query-input":{"@type":"PropertyValueSpecification","valueRequired":true,"valueName":"search_term_string"}}],"inLanguage":"de"},{"@type":"Organization","@id":"https:\/\/gubertini.com\/de\/#organization","name":"Acetaia Gubertini","url":"https:\/\/gubertini.com\/de\/","logo":{"@type":"ImageObject","inLanguage":"de","@id":"https:\/\/gubertini.com\/de\/#\/schema\/logo\/image\/","url":"https:\/\/gubertini.com\/wp-content\/uploads\/2024\/01\/Logo_Scudo_a-colori_2025.webp","contentUrl":"https:\/\/gubertini.com\/wp-content\/uploads\/2024\/01\/Logo_Scudo_a-colori_2025.webp","width":1927,"height":1655,"caption":"Acetaia Gubertini"},"image":{"@id":"https:\/\/gubertini.com\/de\/#\/schema\/logo\/image\/"},"sameAs":["https:\/\/www.instagram.com\/acetaiagubertini"]}]}},"_links":{"self":[{"href":"https:\/\/gubertini.com\/de\/wp-json\/wp\/v2\/pages\/2887","targetHints":{"allow":["GET"]}}],"collection":[{"href":"https:\/\/gubertini.com\/de\/wp-json\/wp\/v2\/pages"}],"about":[{"href":"https:\/\/gubertini.com\/de\/wp-json\/wp\/v2\/types\/page"}],"author":[{"embeddable":true,"href":"https:\/\/gubertini.com\/de\/wp-json\/wp\/v2\/users\/1"}],"replies":[{"embeddable":true,"href":"https:\/\/gubertini.com\/de\/wp-json\/wp\/v2\/comments?post=2887"}],"version-history":[{"count":2,"href":"https:\/\/gubertini.com\/de\/wp-json\/wp\/v2\/pages\/2887\/revisions"}],"predecessor-version":[{"id":2889,"href":"https:\/\/gubertini.com\/de\/wp-json\/wp\/v2\/pages\/2887\/revisions\/2889"}],"wp:attachment":[{"href":"https:\/\/gubertini.com\/de\/wp-json\/wp\/v2\/media?parent=2887"}],"curies":[{"name":"wp","href":"https:\/\/api.w.org\/{rel}","templated":true}]}}