{"id":2845,"date":"2024-04-22T10:02:21","date_gmt":"2024-04-22T08:02:21","guid":{"rendered":"https:\/\/gubertini.com\/?page_id=2845"},"modified":"2025-12-18T09:09:53","modified_gmt":"2025-12-18T08:09:53","slug":"allgemeine-geschaeftsbedingungen","status":"publish","type":"page","link":"https:\/\/gubertini.com\/de\/allgemeine-geschaeftsbedingungen\/","title":{"rendered":"Allgemeine Gesch\u00e4ftsbedingungen"},"content":{"rendered":"<p><a href=\"https:\/\/gubertini.com\/de\/\">HOME<\/a> \/ ALLGEMEINE GESCH\u00c4FTSBEDINGUNGEN<\/p>\n<style>\/*! elementor - v3.21.0 - 15-04-2024 *\/<br \/>\n.elementor-heading-title{padding:0;margin:0;line-height:1}.elementor-widget-heading .elementor-heading-title[class*=elementor-size-]&gt;a{color:inherit;font-size:inherit;line-height:inherit}.elementor-widget-heading .elementor-heading-title.elementor-size-small{font-size:15px}.elementor-widget-heading .elementor-heading-title.elementor-size-medium{font-size:19px}.elementor-widget-heading .elementor-heading-title.elementor-size-large{font-size:29px}.elementor-widget-heading .elementor-heading-title.elementor-size-xl{font-size:39px}.elementor-widget-heading .elementor-heading-title.elementor-size-xxl{font-size:59px}<\/style>\n<div id=\"model-response-message-contentr_8b2ed5a98d23d132\" class=\"markdown markdown-main-panel enable-updated-hr-color\" dir=\"ltr\" aria-live=\"polite\" aria-busy=\"false\">\n<div id=\"model-response-message-contentr_926f2f2f7eea0d27\" class=\"markdown markdown-main-panel enable-updated-hr-color\" dir=\"ltr\" aria-live=\"polite\" aria-busy=\"false\">\n<p>Die \u00fcber die Website gubertini.com abgeschlossenen Vertr\u00e4ge fallen unter die Kategorie der \u201eFernabsatzvertr\u00e4ge\u201c zwischen ACETAIA GUBERTINI (im Folgenden auch als \u201eGesellschaft\u201c bezeichnet), mit Sitz in Via Roma 841, 41028 Serramazzoni (MO), C.F. MSN RNT57S52F357G, USt-IdNr. 04033790363, und dem Verbraucher.<\/p>\n<p>Gegenstand dieser Vertr\u00e4ge ist der Kauf und Verkauf von Produkten durch telematische Auswahl auf der Website gubertini.com.<\/p>\n<p>Der Verkauf unterliegt den vorliegenden Bedingungen, die als integraler und wesentlicher Bestandteil des Kaufvertrags gelten. Der Kunde wird daher gebeten, die Verkaufsbedingungen vor Absendung der Bestellung sorgf\u00e4ltig zu lesen. Die Gesellschaft beh\u00e4lt sich das Recht vor, die vorliegenden Verkaufsbedingungen jederzeit zu aktualisieren, auch f\u00fcr eventuelle regulatorische Anpassungen; die \u00c4nderungen werden ab dem Datum der Ver\u00f6ffentlichung auf der Website wirksam.  <\/p>\n<p>Die Absendung der elektronischen Bestellung gilt als Annahme der zu diesem Zeitpunkt geltenden Verkaufsbedingungen und als Zustimmung zum Kauf.<\/p>\n<h3 data-path-to-node=\"6\">A. ABWICKLUNG VON BESTELLUNGEN<\/h3>\n<p data-path-to-node=\"7\">Die Abwicklung der Bestellungen erfolgt in folgenden Phasen:<\/p>\n<ol start=\"1\" data-path-to-node=\"8\">\n<li>\n<p data-path-to-node=\"8,0,0\">Absendung der im entsprechenden Bereich der Website ausgef\u00fcllten Bestellung durch den Kunden.<\/p>\n<\/li>\n<li>\n<p data-path-to-node=\"8,1,0\">Annahme der Bestellung durch Acetaia Gubertini per E-Mail mit den wichtigsten Informationen: Menge, Preis, Zahlungsweise, Versandkosten und -adresse, Rechnungsdaten.<\/p>\n<\/li>\n<\/ol>\n<p>Die Annahme und Ausf\u00fchrung der Bestellung erfolgen erst nach Gutschrift der Zahlung.<\/p>\n<p>Sollte die Menge der bestellten Produkte die Verf\u00fcgbarkeit \u00fcbersteigen, wird der Kunde umgehend per E-Mail informiert, um zu entscheiden, ob er das Produkt ersetzen, die Bestellung \u00e4ndern oder stornieren m\u00f6chte (mit sofortiger R\u00fcckerstattung des gegebenenfalls bereits gezahlten Betrags).<\/p>\n<p>Der Kunde ist allein verantwortlich f\u00fcr die Richtigkeit der eingegebenen Daten (z. B. Lieferadresse). Minderj\u00e4hrige unter 18 Jahren sind nicht berechtigt, Bestellungen aufzugeben. <\/p>\n<h3 data-path-to-node=\"10\">B. VERKAUFSPREISE UND RECHNUNGSSTELLUNG<\/h3>\n<p>Die auf der Website angegebenen Preise sind in \u20ac (Euro) angegeben und verstehen sich inklusive Mehrwertsteuer, Beh\u00e4lter und Verpackung. Die Versandkosten sind nicht im Produktpreis enthalten, sondern werden separat berechnet. <\/p>\n<p>Die Rechnung (oder Quittung) wird dem Kunden an die bei der Bestellung angegebene E-Mail-Adresse gesendet. Es ist m\u00f6glich, die Umsatzsteuer-Identifikationsnummer w\u00e4hrend des Bestellvorgangs in das entsprechende Feld einzutragen. <\/p>\n<h3 data-path-to-node=\"12\">C. SONDERANGEBOTE UND GUTSCHEINE<\/h3>\n<p data-path-to-node=\"13\">Die Bedingungen f\u00fcr Sonderangebote, Werbeaktionen und Rabattgutscheine werden von Zeit zu Zeit auf der Website oder durch spezielle Mitteilungen angegeben.<\/p>\n<h3 data-path-to-node=\"14\">D. ZAHLUNGSARTEN<\/h3>\n<p data-path-to-node=\"15\">Die Zahlung kann per Kreditkarte, PayPal oder Vorkasse per Bank\u00fcberweisung erfolgen.<\/p>\n<p>1) Kreditkarte<\/p>\n<p>Verwaltet \u00fcber sichere Verbindungen (Visa, Mastercard, Maestro, VPay). Der Versand erfolgt nach Benachrichtigung \u00fcber den Zahlungseingang. <\/p>\n<p>2) PayPal<\/p>\n<p>Verwaltet \u00fcber den PayPal-Service unter Verwendung der E-Mail-Adresse: acetaia@gubertini.com. Der Versand erfolgt nach Benachrichtigung \u00fcber den Zahlungseingang. <\/p>\n<p>3) Bank\u00fcberweisung<\/p>\n<p>Um den Versand zu beschleunigen, wird empfohlen, eine Kopie des Zahlungsbelegs an acetaia@gubertini.com zu senden.<\/p>\n<p>Die Bestellung wird innerhalb von 48 Stunden nach tats\u00e4chlichem Zahlungseingang bearbeitet, der innerhalb von 10 Werktagen nach der Bestellung erfolgen muss (ansonsten wird die Bestellung storniert).<\/p>\n<ul data-path-to-node=\"19\">\n<li>\n<p data-path-to-node=\"19,0,0\"><b data-path-to-node=\"19,0,0\" data-index-in-node=\"0\">Kontoinhaber:<\/b> Acetaia Gubertini<\/p>\n<\/li>\n<li>\n<p data-path-to-node=\"19,1,0\"><b data-path-to-node=\"19,1,0\" data-index-in-node=\"0\">IBAN:<\/b> IT 60 O 07072 66780 000000720856<\/p>\n<\/li>\n<li>\n<p data-path-to-node=\"19,2,0\"><b data-path-to-node=\"19,2,0\" data-index-in-node=\"0\">Verwendungszweck:<\/b> Bestellnummer und Name\/Nachname.<\/p>\n<\/li>\n<\/ul>\n<h3 data-path-to-node=\"20\">E. VERSAND UND LIEFERUNG<\/h3>\n<p>Der Versand erfolgt in der Regel innerhalb von 48 Stunden nach Eingang der Bestellung (oder nach Gutschrift im Falle einer Bank\u00fcberweisung). Die Lieferzeiten variieren je nach Bestimmungsort zwischen 2 und 10 Tagen, unvorhergesehene Ereignisse ausgenommen. <\/p>\n<p>F\u00fcr Sendungen \u00fcber 100 kg oder in L\u00e4nder, die nicht in der Liste enthalten sind, wenden Sie sich bitte an acetaia@gubertini.com, um ein individuelles Angebot zu erhalten.<\/p>\n<p>F\u00fcr weitere Informationen zum Versand schreiben Sie bitte vor der Bestellung an acetaia@gubertini.com.<\/p>\n<p>WICHTIG: Pr\u00fcfung bei Lieferung<\/p>\n<p>Zum Zeitpunkt der Lieferung ist der Kunde verpflichtet, die Unversehrtheit des Pakets zu \u00fcberpr\u00fcfen.<\/p>\n<p>Wenn die Verpackung besch\u00e4digt oder nass erscheint oder wenn ein Bruchger\u00e4usch zu h\u00f6ren ist, ist es obligatorisch, mit dem Vermerk \u201eANNAHME UNTER VORBEHALT DER SPEZIFISCHEN PR\u00dcFUNG\u201c zu unterschreiben (unter Angabe des Grundes, z. B. \u201ePaket durchl\u00f6chert\u201c, \u201eVerpackung nass\u201c). Ohne diesen Vermerk auf dem Dokument des Kuriers ist es nicht m\u00f6glich, eine R\u00fcckerstattung f\u00fcr Transportsch\u00e4den zu beantragen. <\/p>\n<p data-path-to-node=\"23\">Die Transportkosten f\u00fcr Italien beginnen bei 15 \u20ac. F\u00fcr das Ausland variieren sie je nach Gewicht und Bestimmungsort und werden im Warenkorb berechnet. <\/p>\n<h3 data-path-to-node=\"24\">F. RICHTLINIEN F\u00dcR R\u00dcCKSENDUNGEN, R\u00dcCKERSTATTUNGEN UND WIDERRUFSRECHT<\/h3>\n<p data-path-to-node=\"25\">Unser Ziel ist es, Exzellenz zu gew\u00e4hrleisten. Da wir jedoch mit Lebensmitteln in Glasbeh\u00e4ltern handeln, haben wir pr\u00e4zise Verfahren zum Schutz des Kunden festgelegt. <\/p>\n<p>1. Besch\u00e4digte Ware (Bruch)<\/p>\n<p>Wenn Sie besch\u00e4digte Ware erhalten, ist es NICHT erforderlich, die Scherben zur\u00fcckzusenden.<\/p>\n<p>Senden Sie innerhalb von 24 Stunden nach Lieferung eine Meldung an acetaia@gubertini.com und f\u00fcgen Sie deutliche Fotos bei:<\/p>\n<ul data-path-to-node=\"27\">\n<li>\n<p data-path-to-node=\"27,0,0\">Des \u00e4u\u00dferen Pakets (und des Etiketts).<\/p>\n<\/li>\n<li>\n<p data-path-to-node=\"27,1,0\">Der Besch\u00e4digung der Verpackung.<\/p>\n<\/li>\n<li>\n<p data-path-to-node=\"27,2,0\">Des zerbrochenen Produkts.<\/p>\n<\/li>\n<\/ul>\n<p data-path-to-node=\"28\">Nur nach Pr\u00fcfung der Fotos (und Vorliegen des \u201ePr\u00fcfvorbehalts\u201c, wenn der Schaden \u00e4u\u00dferlich sichtbar war) wird Acetaia Gubertini nach eigenem Ermessen die R\u00fcckerstattung oder den erneuten Versand des Produkts veranlassen.<\/p>\n<p>2. Widerrufsrecht (Bedenkzeit)<\/p>\n<p>Der Kunde hat das Recht, ohne Vertragsstrafe und ohne Angabe von Gr\u00fcnden innerhalb von 14 Tagen nach Erhalt der Produkte vom Vertrag zur\u00fcckzutreten.<\/p>\n<p>Ausschluss: Aus hygienischen Gr\u00fcnden und zum Schutz der Gesundheit ist das Widerrufsrecht f\u00fcr ge\u00f6ffnete, entkorkte Flaschen oder solche, bei denen das Garantiesiegel entfernt oder manipuliert wurde, ausgeschlossen.<\/p>\n<p data-path-to-node=\"30\">Zur Aus\u00fcbung des Widerrufsrechts:<\/p>\n<ol start=\"1\" data-path-to-node=\"31\">\n<li>\n<p data-path-to-node=\"31,0,0\">Schreiben Sie an <b data-path-to-node=\"31,0,0\" data-index-in-node=\"11\">acetaia@gubertini.com<\/b> und teilen Sie Ihren Widerrufswunsch mit.<\/p>\n<\/li>\n<li>\n<p data-path-to-node=\"31,1,0\">Senden Sie die unbesch\u00e4digten Produkte in der Originalverpackung an: <b data-path-to-node=\"31,1,0\" data-index-in-node=\"61\">Acetaia Gubertini, Via Roma 841, 41028 Serramazzoni (MO)<\/b> zur\u00fcck.<\/p>\n<\/li>\n<li>\n<p data-path-to-node=\"31,2,0\">Die Versandkosten f\u00fcr die R\u00fccksendung tr\u00e4gt der Kunde.<\/p>\n<\/li>\n<li>\n<p data-path-to-node=\"31,3,0\">Die R\u00fcckerstattung erfolgt innerhalb von 30 Tagen nach Erhalt der unbesch\u00e4digten Ware. Wenn die Ware aufgrund einer unzureichenden Verpackung durch den Kunden besch\u00e4digt zur\u00fcckgesendet wird, erfolgt keine R\u00fcckerstattung. <\/p>\n<\/li>\n<\/ol>\n<p>3. Nicht konforme Produkte<\/p>\n<p>Im Falle schwerwiegender organoleptischer M\u00e4ngel verschlie\u00dfen Sie die Flasche und kontaktieren Sie acetaia@gubertini.com, um die Abholung und Analyse des Produkts zu vereinbaren.<\/p>\n<h3 data-path-to-node=\"33\">G. ANWENDBARES RECHT UND GERICHTSSTAND<\/h3>\n<p>Der Vertrag unterliegt dem italienischen Recht (Gesetzesdekret 206\/2005 Verbraucherschutzgesetzbuch und nachfolgende \u00c4nderungen).<\/p>\n<p>F\u00fcr alle Streitigkeiten, die sich aus der Auslegung oder Ausf\u00fchrung dieser Bedingungen ergeben, ist ausschlie\u00dflich das Gericht von Modena zust\u00e4ndig.<\/p>\n<h3 data-path-to-node=\"35\">H. KUNDENDIENST<\/h3>\n<p data-path-to-node=\"36\">F\u00fcr Informationen, Mitteilungen, Hilfestellungen oder Beschwerden wenden Sie sich bitte per E-Mail an den Kundendienst unter <b data-path-to-node=\"36\" data-index-in-node=\"124\">acetaia@gubertini.com<\/b>.<\/p>\n<h3 data-path-to-node=\"37\">I. BANKVERBINDUNG<\/h3>\n<p>Referenzbank: EMIL BANCA \u2013 CREDITO COOPERATIVO<\/p>\n<p>IBAN: IT 60 O 07072 66780 000000720856<\/p>\n<p>BIC: ICRAITRRTS0<\/p>\n<\/div>\n<\/div>\n","protected":false},"excerpt":{"rendered":"<p>HOME \/ ALLGEMEINE GESCH\u00c4FTSBEDINGUNGEN Die \u00fcber die Website gubertini.com abgeschlossenen Vertr\u00e4ge fallen unter die Kategorie der \u201eFernabsatzvertr\u00e4ge\u201c zwischen ACETAIA GUBERTINI (im Folgenden auch als \u201eGesellschaft\u201c bezeichnet), mit Sitz in Via Roma 841, 41028 Serramazzoni (MO), C.F. MSN RNT57S52F357G, USt-IdNr. 04033790363, und dem Verbraucher. Gegenstand dieser Vertr\u00e4ge ist der Kauf und Verkauf von Produkten durch telematische [&hellip;]<\/p>\n","protected":false},"author":1,"featured_media":0,"parent":0,"menu_order":0,"comment_status":"closed","ping_status":"closed","template":"","meta":{"_acf_changed":false,"footnotes":""},"class_list":["post-2845","page","type-page","status-publish","hentry"],"acf":[],"yoast_head":"<!-- This site is optimized with the Yoast SEO plugin v27.2 - https:\/\/yoast.com\/product\/yoast-seo-wordpress\/ -->\n<title>Allgemeine Gesch\u00e4ftsbedingungen - Acetaia Gubertini | Tradizione di Modena - Lusso &amp; Emozione<\/title>\n<meta name=\"robots\" content=\"index, follow, max-snippet:-1, max-image-preview:large, max-video-preview:-1\" \/>\n<link rel=\"canonical\" href=\"https:\/\/gubertini.com\/de\/allgemeine-geschaeftsbedingungen\/\" \/>\n<meta property=\"og:locale\" content=\"de_DE\" \/>\n<meta property=\"og:type\" content=\"article\" \/>\n<meta property=\"og:title\" content=\"Allgemeine Gesch\u00e4ftsbedingungen - Acetaia Gubertini | Tradizione di Modena - Lusso &amp; Emozione\" \/>\n<meta property=\"og:description\" content=\"HOME \/ ALLGEMEINE GESCH\u00c4FTSBEDINGUNGEN Die \u00fcber die Website gubertini.com abgeschlossenen Vertr\u00e4ge fallen unter die Kategorie der \u201eFernabsatzvertr\u00e4ge\u201c zwischen ACETAIA GUBERTINI (im Folgenden auch als \u201eGesellschaft\u201c bezeichnet), mit Sitz in Via Roma 841, 41028 Serramazzoni (MO), C.F. MSN RNT57S52F357G, USt-IdNr. 04033790363, und dem Verbraucher. Gegenstand dieser Vertr\u00e4ge ist der Kauf und Verkauf von Produkten durch telematische [&hellip;]\" \/>\n<meta property=\"og:url\" content=\"https:\/\/gubertini.com\/de\/allgemeine-geschaeftsbedingungen\/\" \/>\n<meta property=\"og:site_name\" content=\"Acetaia Gubertini | Tradizione di Modena - Lusso &amp; Emozione\" \/>\n<meta property=\"article:publisher\" content=\"https:\/\/www.instagram.com\/acetaiagubertini\" \/>\n<meta property=\"article:modified_time\" content=\"2025-12-18T08:09:53+00:00\" \/>\n<meta name=\"twitter:card\" content=\"summary_large_image\" \/>\n<meta name=\"twitter:label1\" content=\"Gesch\u00e4tzte Lesezeit\" \/>\n\t<meta name=\"twitter:data1\" content=\"5\u00a0Minute\" \/>\n<script type=\"application\/ld+json\" class=\"yoast-schema-graph\">{\"@context\":\"https:\/\/schema.org\",\"@graph\":[{\"@type\":\"WebPage\",\"@id\":\"https:\/\/gubertini.com\/de\/allgemeine-geschaeftsbedingungen\/\",\"url\":\"https:\/\/gubertini.com\/de\/allgemeine-geschaeftsbedingungen\/\",\"name\":\"Allgemeine Gesch\u00e4ftsbedingungen - Acetaia Gubertini | Tradizione di Modena - Lusso &amp; Emozione\",\"isPartOf\":{\"@id\":\"https:\/\/gubertini.com\/de\/#website\"},\"datePublished\":\"2024-04-22T08:02:21+00:00\",\"dateModified\":\"2025-12-18T08:09:53+00:00\",\"breadcrumb\":{\"@id\":\"https:\/\/gubertini.com\/de\/allgemeine-geschaeftsbedingungen\/#breadcrumb\"},\"inLanguage\":\"de\",\"potentialAction\":[{\"@type\":\"ReadAction\",\"target\":[\"https:\/\/gubertini.com\/de\/allgemeine-geschaeftsbedingungen\/\"]}]},{\"@type\":\"BreadcrumbList\",\"@id\":\"https:\/\/gubertini.com\/de\/allgemeine-geschaeftsbedingungen\/#breadcrumb\",\"itemListElement\":[{\"@type\":\"ListItem\",\"position\":1,\"name\":\"Startseite\",\"item\":\"https:\/\/gubertini.com\/de\/\"},{\"@type\":\"ListItem\",\"position\":2,\"name\":\"Allgemeine Gesch\u00e4ftsbedingungen\"}]},{\"@type\":\"WebSite\",\"@id\":\"https:\/\/gubertini.com\/de\/#website\",\"url\":\"https:\/\/gubertini.com\/de\/\",\"name\":\"Acetaia Gubertini | Tradizione - Lusso - Emozione\",\"description\":\"\",\"publisher\":{\"@id\":\"https:\/\/gubertini.com\/de\/#organization\"},\"potentialAction\":[{\"@type\":\"SearchAction\",\"target\":{\"@type\":\"EntryPoint\",\"urlTemplate\":\"https:\/\/gubertini.com\/de\/?s={search_term_string}\"},\"query-input\":{\"@type\":\"PropertyValueSpecification\",\"valueRequired\":true,\"valueName\":\"search_term_string\"}}],\"inLanguage\":\"de\"},{\"@type\":\"Organization\",\"@id\":\"https:\/\/gubertini.com\/de\/#organization\",\"name\":\"Acetaia Gubertini\",\"url\":\"https:\/\/gubertini.com\/de\/\",\"logo\":{\"@type\":\"ImageObject\",\"inLanguage\":\"de\",\"@id\":\"https:\/\/gubertini.com\/de\/#\/schema\/logo\/image\/\",\"url\":\"https:\/\/gubertini.com\/wp-content\/uploads\/2024\/01\/Logo_Scudo_a-colori_2025.webp\",\"contentUrl\":\"https:\/\/gubertini.com\/wp-content\/uploads\/2024\/01\/Logo_Scudo_a-colori_2025.webp\",\"width\":1927,\"height\":1655,\"caption\":\"Acetaia Gubertini\"},\"image\":{\"@id\":\"https:\/\/gubertini.com\/de\/#\/schema\/logo\/image\/\"},\"sameAs\":[\"https:\/\/www.instagram.com\/acetaiagubertini\"]}]}<\/script>\n<!-- \/ Yoast SEO plugin. -->","yoast_head_json":{"title":"Allgemeine Gesch\u00e4ftsbedingungen - Acetaia Gubertini | Tradizione di Modena - Lusso &amp; Emozione","robots":{"index":"index","follow":"follow","max-snippet":"max-snippet:-1","max-image-preview":"max-image-preview:large","max-video-preview":"max-video-preview:-1"},"canonical":"https:\/\/gubertini.com\/de\/allgemeine-geschaeftsbedingungen\/","og_locale":"de_DE","og_type":"article","og_title":"Allgemeine Gesch\u00e4ftsbedingungen - Acetaia Gubertini | Tradizione di Modena - Lusso &amp; Emozione","og_description":"HOME \/ ALLGEMEINE GESCH\u00c4FTSBEDINGUNGEN Die \u00fcber die Website gubertini.com abgeschlossenen Vertr\u00e4ge fallen unter die Kategorie der \u201eFernabsatzvertr\u00e4ge\u201c zwischen ACETAIA GUBERTINI (im Folgenden auch als \u201eGesellschaft\u201c bezeichnet), mit Sitz in Via Roma 841, 41028 Serramazzoni (MO), C.F. MSN RNT57S52F357G, USt-IdNr. 04033790363, und dem Verbraucher. Gegenstand dieser Vertr\u00e4ge ist der Kauf und Verkauf von Produkten durch telematische [&hellip;]","og_url":"https:\/\/gubertini.com\/de\/allgemeine-geschaeftsbedingungen\/","og_site_name":"Acetaia Gubertini | Tradizione di Modena - Lusso &amp; Emozione","article_publisher":"https:\/\/www.instagram.com\/acetaiagubertini","article_modified_time":"2025-12-18T08:09:53+00:00","twitter_card":"summary_large_image","twitter_misc":{"Gesch\u00e4tzte Lesezeit":"5\u00a0Minute"},"schema":{"@context":"https:\/\/schema.org","@graph":[{"@type":"WebPage","@id":"https:\/\/gubertini.com\/de\/allgemeine-geschaeftsbedingungen\/","url":"https:\/\/gubertini.com\/de\/allgemeine-geschaeftsbedingungen\/","name":"Allgemeine Gesch\u00e4ftsbedingungen - Acetaia Gubertini | Tradizione di Modena - Lusso &amp; Emozione","isPartOf":{"@id":"https:\/\/gubertini.com\/de\/#website"},"datePublished":"2024-04-22T08:02:21+00:00","dateModified":"2025-12-18T08:09:53+00:00","breadcrumb":{"@id":"https:\/\/gubertini.com\/de\/allgemeine-geschaeftsbedingungen\/#breadcrumb"},"inLanguage":"de","potentialAction":[{"@type":"ReadAction","target":["https:\/\/gubertini.com\/de\/allgemeine-geschaeftsbedingungen\/"]}]},{"@type":"BreadcrumbList","@id":"https:\/\/gubertini.com\/de\/allgemeine-geschaeftsbedingungen\/#breadcrumb","itemListElement":[{"@type":"ListItem","position":1,"name":"Startseite","item":"https:\/\/gubertini.com\/de\/"},{"@type":"ListItem","position":2,"name":"Allgemeine Gesch\u00e4ftsbedingungen"}]},{"@type":"WebSite","@id":"https:\/\/gubertini.com\/de\/#website","url":"https:\/\/gubertini.com\/de\/","name":"Acetaia Gubertini | Tradizione - Lusso - Emozione","description":"","publisher":{"@id":"https:\/\/gubertini.com\/de\/#organization"},"potentialAction":[{"@type":"SearchAction","target":{"@type":"EntryPoint","urlTemplate":"https:\/\/gubertini.com\/de\/?s={search_term_string}"},"query-input":{"@type":"PropertyValueSpecification","valueRequired":true,"valueName":"search_term_string"}}],"inLanguage":"de"},{"@type":"Organization","@id":"https:\/\/gubertini.com\/de\/#organization","name":"Acetaia Gubertini","url":"https:\/\/gubertini.com\/de\/","logo":{"@type":"ImageObject","inLanguage":"de","@id":"https:\/\/gubertini.com\/de\/#\/schema\/logo\/image\/","url":"https:\/\/gubertini.com\/wp-content\/uploads\/2024\/01\/Logo_Scudo_a-colori_2025.webp","contentUrl":"https:\/\/gubertini.com\/wp-content\/uploads\/2024\/01\/Logo_Scudo_a-colori_2025.webp","width":1927,"height":1655,"caption":"Acetaia Gubertini"},"image":{"@id":"https:\/\/gubertini.com\/de\/#\/schema\/logo\/image\/"},"sameAs":["https:\/\/www.instagram.com\/acetaiagubertini"]}]}},"_links":{"self":[{"href":"https:\/\/gubertini.com\/de\/wp-json\/wp\/v2\/pages\/2845","targetHints":{"allow":["GET"]}}],"collection":[{"href":"https:\/\/gubertini.com\/de\/wp-json\/wp\/v2\/pages"}],"about":[{"href":"https:\/\/gubertini.com\/de\/wp-json\/wp\/v2\/types\/page"}],"author":[{"embeddable":true,"href":"https:\/\/gubertini.com\/de\/wp-json\/wp\/v2\/users\/1"}],"replies":[{"embeddable":true,"href":"https:\/\/gubertini.com\/de\/wp-json\/wp\/v2\/comments?post=2845"}],"version-history":[{"count":3,"href":"https:\/\/gubertini.com\/de\/wp-json\/wp\/v2\/pages\/2845\/revisions"}],"predecessor-version":[{"id":3773,"href":"https:\/\/gubertini.com\/de\/wp-json\/wp\/v2\/pages\/2845\/revisions\/3773"}],"wp:attachment":[{"href":"https:\/\/gubertini.com\/de\/wp-json\/wp\/v2\/media?parent=2845"}],"curies":[{"name":"wp","href":"https:\/\/api.w.org\/{rel}","templated":true}]}}