{"id":2636,"date":"2024-01-26T10:34:46","date_gmt":"2024-01-26T09:34:46","guid":{"rendered":"https:\/\/gubertini.com\/?page_id=2636"},"modified":"2026-02-03T15:43:27","modified_gmt":"2026-02-03T14:43:27","slug":"startseite","status":"publish","type":"page","link":"https:\/\/gubertini.com\/de\/","title":{"rendered":"Startseite"},"content":{"rendered":"\t\t<div data-elementor-type=\"wp-page\" data-elementor-id=\"2636\" class=\"elementor elementor-2636 elementor-35\" data-elementor-post-type=\"page\">\n\t\t\t\t<div class=\"elementor-element elementor-element-b81dd31 e-flex e-con-boxed e-con e-parent\" data-id=\"b81dd31\" data-element_type=\"container\" data-e-type=\"container\" data-settings=\"{&quot;background_background&quot;:&quot;classic&quot;}\">\n\t\t\t\t\t<div class=\"e-con-inner\">\n\t\t\t\t<div class=\"elementor-element elementor-element-de30c81 elementor-widget__width-inherit elementor-invisible elementor-widget elementor-widget-heading\" data-id=\"de30c81\" data-element_type=\"widget\" data-e-type=\"widget\" data-settings=\"{&quot;_animation&quot;:&quot;fadeInUp&quot;,&quot;_animation_mobile&quot;:&quot;none&quot;}\" data-widget_type=\"heading.default\">\n\t\t\t\t\t<h2 class=\"elementor-heading-title elementor-size-default\"><span style=\"font-size: 31px\">AcetAIA GUBERTINI: Die Eleganz der Zeit, Riserva di Modena.<\/span><\/h2>\t\t\t\t<\/div>\n\t\t\t\t<div class=\"elementor-element elementor-element-c5763f4 elementor-widget elementor-widget-text-editor\" data-id=\"c5763f4\" data-element_type=\"widget\" data-e-type=\"widget\" data-widget_type=\"text-editor.default\">\n\t\t\t\t\t\t\t\t\t<p><span style=\"font-size: 13px;\">\u201eEs ist keine W\u00fcrze. Es ist eine Investition in Geduld und Luxus, in nummerierten Flaschen.\u201c<\/span><\/p>\t\t\t\t\t\t\t\t<\/div>\n\t\t\t\t<div class=\"elementor-element elementor-element-9a4bef0 elementor-align-center elementor-widget elementor-widget-button\" data-id=\"9a4bef0\" data-element_type=\"widget\" data-e-type=\"widget\" data-widget_type=\"button.default\">\n\t\t\t\t\t\t\t\t\t\t<a class=\"elementor-button elementor-button-link elementor-size-sm\" href=\"https:\/\/gubertini.com\/de\/produkt-kategorie\/gubertini-reserven\/\">\n\t\t\t\t\t\t<span class=\"elementor-button-content-wrapper\">\n\t\t\t\t\t\t\t\t\t<span class=\"elementor-button-text\">Kaufen Sie Ihre nummerierte Riserva<\/span>\n\t\t\t\t\t<\/span>\n\t\t\t\t\t<\/a>\n\t\t\t\t\t\t\t\t<\/div>\n\t\t\t\t<div class=\"elementor-element elementor-element-19e7351 elementor-widget__width-auto elementor-absolute elementor-hidden-mobile elementor-align-center elementor-widget elementor-widget-lottie\" data-id=\"19e7351\" data-element_type=\"widget\" data-e-type=\"widget\" data-settings=\"{&quot;source_json&quot;:{&quot;url&quot;:&quot;https:\\\/\\\/gubertini.com\\\/wp-content\\\/uploads\\\/2024\\\/02\\\/scrolldown.json&quot;,&quot;id&quot;:369,&quot;size&quot;:&quot;&quot;,&quot;alt&quot;:&quot;&quot;,&quot;source&quot;:&quot;library&quot;},&quot;loop&quot;:&quot;yes&quot;,&quot;_position&quot;:&quot;absolute&quot;,&quot;source&quot;:&quot;media_file&quot;,&quot;caption_source&quot;:&quot;none&quot;,&quot;link_to&quot;:&quot;none&quot;,&quot;trigger&quot;:&quot;arriving_to_viewport&quot;,&quot;viewport&quot;:{&quot;unit&quot;:&quot;%&quot;,&quot;size&quot;:&quot;&quot;,&quot;sizes&quot;:{&quot;start&quot;:0,&quot;end&quot;:100}},&quot;play_speed&quot;:{&quot;unit&quot;:&quot;px&quot;,&quot;size&quot;:1,&quot;sizes&quot;:[]},&quot;start_point&quot;:{&quot;unit&quot;:&quot;%&quot;,&quot;size&quot;:0,&quot;sizes&quot;:[]},&quot;end_point&quot;:{&quot;unit&quot;:&quot;%&quot;,&quot;size&quot;:100,&quot;sizes&quot;:[]},&quot;renderer&quot;:&quot;svg&quot;}\" data-widget_type=\"lottie.default\">\n\t\t\t\t\t<div class=\"e-lottie__container\"><div class=\"e-lottie__animation\"><\/div><\/div>\t\t\t\t<\/div>\n\t\t\t\t\t<\/div>\n\t\t\t\t<\/div>\n\t\t<div class=\"elementor-element elementor-element-08deab3 e-flex e-con-boxed e-con e-parent\" data-id=\"08deab3\" data-element_type=\"container\" data-e-type=\"container\" data-settings=\"{&quot;background_background&quot;:&quot;classic&quot;}\">\n\t\t\t\t\t<div class=\"e-con-inner\">\n\t\t\t\t<div class=\"elementor-element elementor-element-d05cd01 elementor-widget__width-initial elementor-invisible elementor-widget elementor-widget-heading\" data-id=\"d05cd01\" data-element_type=\"widget\" data-e-type=\"widget\" data-settings=\"{&quot;_animation&quot;:&quot;fadeInUp&quot;,&quot;_animation_mobile&quot;:&quot;none&quot;}\" data-widget_type=\"heading.default\">\n\t\t\t\t\t<h2 class=\"elementor-heading-title elementor-size-default\">Tradition und Meisterschaft f\u00fcr einen Essig von h\u00f6chster Qualit\u00e4t<\/h2>\t\t\t\t<\/div>\n\t\t\t\t<div class=\"elementor-element elementor-element-ca8d0a9 elementor-widget elementor-widget-text-editor\" data-id=\"ca8d0a9\" data-element_type=\"widget\" data-e-type=\"widget\" data-widget_type=\"text-editor.default\">\n\t\t\t\t\t\t\t\t\t<p>Respekt vor der Natur und soziale Verantwortung sind die \u201eGrundwerte\u201c, um ein Produkt von h\u00f6chster Qualit\u00e4t zu erzielen.<\/p><p>Der in unserer Acetaia auf 800 m H\u00f6he hergestellte und in diesen F\u00e4ssern gereifte Balsamico nimmt alle Essenzen der verschiedenen Holzarten auf und wird dadurch mit Aromen und D\u00fcften bereichert. In der Acetaia wird ausschlie\u00dflich von Hand gearbeitet, ohne den Einsatz von Maschinen, nur mit der durch Tradition und Zeit \u00fcberlieferten Erfahrung. <\/p>\t\t\t\t\t\t\t\t<\/div>\n\t\t\t\t<div class=\"elementor-element elementor-element-368b0ba elementor-align-center elementor-widget elementor-widget-button\" data-id=\"368b0ba\" data-element_type=\"widget\" data-e-type=\"widget\" data-widget_type=\"button.default\">\n\t\t\t\t\t\t\t\t\t\t<a class=\"elementor-button elementor-button-link elementor-size-sm\" href=\"https:\/\/gubertini.com\/de\/werte\/\">\n\t\t\t\t\t\t<span class=\"elementor-button-content-wrapper\">\n\t\t\t\t\t\t\t\t\t<span class=\"elementor-button-text\">Entdecken Sie unsere Werte<\/span>\n\t\t\t\t\t<\/span>\n\t\t\t\t\t<\/a>\n\t\t\t\t\t\t\t\t<\/div>\n\t\t\t\t\t<\/div>\n\t\t\t\t<\/div>\n\t\t<div class=\"elementor-element elementor-element-cc62f33 e-con-full e-flex e-con e-parent\" data-id=\"cc62f33\" data-element_type=\"container\" data-e-type=\"container\">\n\t\t<div class=\"elementor-element elementor-element-650af7e e-con-full e-flex e-con e-child\" data-id=\"650af7e\" data-element_type=\"container\" data-e-type=\"container\" data-settings=\"{&quot;background_background&quot;:&quot;classic&quot;}\">\n\t\t\t\t<div class=\"elementor-element elementor-element-38e27d4 elementor-widget elementor-widget-image\" data-id=\"38e27d4\" data-element_type=\"widget\" data-e-type=\"widget\" data-settings=\"{&quot;motion_fx_motion_fx_scrolling&quot;:&quot;yes&quot;,&quot;motion_fx_translateY_effect&quot;:&quot;yes&quot;,&quot;motion_fx_translateY_speed&quot;:{&quot;unit&quot;:&quot;px&quot;,&quot;size&quot;:3,&quot;sizes&quot;:[]},&quot;motion_fx_translateY_affectedRange&quot;:{&quot;unit&quot;:&quot;%&quot;,&quot;size&quot;:&quot;&quot;,&quot;sizes&quot;:{&quot;start&quot;:0,&quot;end&quot;:100}},&quot;motion_fx_devices&quot;:[&quot;desktop&quot;,&quot;tablet&quot;,&quot;mobile&quot;]}\" data-widget_type=\"image.default\">\n\t\t\t\t\t\t\t\t\t\t\t\t\t\t\t<img fetchpriority=\"high\" decoding=\"async\" width=\"960\" height=\"1285\" src=\"https:\/\/gubertini.com\/wp-content\/uploads\/2024\/02\/home-side-03.webp\" class=\"attachment-full size-full wp-image-2658\" alt=\"Weinf\u00e4sser in der Ausstellung bei Acetaia Gubertini, Produktion von traditionellem Balsamico-Essig.\" srcset=\"https:\/\/gubertini.com\/wp-content\/uploads\/2024\/02\/home-side-03.webp 960w, https:\/\/gubertini.com\/wp-content\/uploads\/2024\/02\/home-side-03-600x803.webp 600w, https:\/\/gubertini.com\/wp-content\/uploads\/2024\/02\/home-side-03-224x300.webp 224w, https:\/\/gubertini.com\/wp-content\/uploads\/2024\/02\/home-side-03-765x1024.webp 765w, https:\/\/gubertini.com\/wp-content\/uploads\/2024\/02\/home-side-03-768x1028.webp 768w\" sizes=\"(max-width: 960px) 100vw, 960px\" \/>\t\t\t\t\t\t\t\t\t\t\t\t\t\t\t<\/div>\n\t\t\t\t<\/div>\n\t\t<div class=\"elementor-element elementor-element-69fae73 e-con-full e-flex e-con e-child\" data-id=\"69fae73\" data-element_type=\"container\" data-e-type=\"container\" data-settings=\"{&quot;motion_fx_motion_fx_scrolling&quot;:&quot;yes&quot;,&quot;motion_fx_translateY_effect&quot;:&quot;yes&quot;,&quot;motion_fx_translateY_speed&quot;:{&quot;unit&quot;:&quot;px&quot;,&quot;size&quot;:4,&quot;sizes&quot;:[]},&quot;motion_fx_translateY_affectedRange&quot;:{&quot;unit&quot;:&quot;%&quot;,&quot;size&quot;:&quot;&quot;,&quot;sizes&quot;:{&quot;start&quot;:0,&quot;end&quot;:100}},&quot;motion_fx_devices&quot;:[&quot;desktop&quot;,&quot;tablet&quot;,&quot;mobile&quot;]}\">\n\t\t\t\t<div class=\"elementor-element elementor-element-fd2812b elementor-widget elementor-widget-image\" data-id=\"fd2812b\" data-element_type=\"widget\" data-e-type=\"widget\" data-settings=\"{&quot;motion_fx_motion_fx_scrolling&quot;:&quot;yes&quot;,&quot;motion_fx_range&quot;:&quot;viewport&quot;,&quot;motion_fx_devices&quot;:[&quot;desktop&quot;,&quot;tablet&quot;,&quot;mobile&quot;]}\" data-widget_type=\"image.default\">\n\t\t\t\t\t\t\t\t\t\t\t\t\t\t\t<img decoding=\"async\" width=\"767\" height=\"605\" src=\"https:\/\/gubertini.com\/wp-content\/uploads\/2024\/02\/prodotti-home.webp\" class=\"attachment-large size-large wp-image-2653\" alt=\"Vinyl-Brot mit traditionellem Balsamico in gereiftem Essigsirup, Gubertini Produkte, Acetaia Gubertini.\" srcset=\"https:\/\/gubertini.com\/wp-content\/uploads\/2024\/02\/prodotti-home.webp 767w, https:\/\/gubertini.com\/wp-content\/uploads\/2024\/02\/prodotti-home-600x473.webp 600w, https:\/\/gubertini.com\/wp-content\/uploads\/2024\/02\/prodotti-home-300x237.webp 300w\" sizes=\"(max-width: 767px) 100vw, 767px\" \/>\t\t\t\t\t\t\t\t\t\t\t\t\t\t\t<\/div>\n\t\t\t\t<div class=\"elementor-element elementor-element-4a65745 elementor-widget__width-initial elementor-widget elementor-widget-heading\" data-id=\"4a65745\" data-element_type=\"widget\" data-e-type=\"widget\" data-widget_type=\"heading.default\">\n\t\t\t\t\t<h2 class=\"elementor-heading-title elementor-size-default\">Der Geist eines gro\u00dfen Essigs entsteht durch meisterhafte Kontrolle<\/h2>\t\t\t\t<\/div>\n\t\t\t\t<div class=\"elementor-element elementor-element-94c8290 elementor-align-center elementor-widget__width-initial elementor-widget elementor-widget-button\" data-id=\"94c8290\" data-element_type=\"widget\" data-e-type=\"widget\" data-widget_type=\"button.default\">\n\t\t\t\t\t\t\t\t\t\t<a class=\"elementor-button elementor-button-link elementor-size-sm\" href=\"https:\/\/gubertini.com\/de\/produkt-kategorie\/gubertini-reserven\/\">\n\t\t\t\t\t\t<span class=\"elementor-button-content-wrapper\">\n\t\t\t\t\t\t\t\t\t<span class=\"elementor-button-text\">Entdecken Sie unsere Produkte<\/span>\n\t\t\t\t\t<\/span>\n\t\t\t\t\t<\/a>\n\t\t\t\t\t\t\t\t<\/div>\n\t\t\t\t<\/div>\n\t\t\t\t<\/div>\n\t\t<div class=\"elementor-element elementor-element-04b6221 e-flex e-con-boxed elementor-invisible e-con e-parent\" data-id=\"04b6221\" data-element_type=\"container\" data-e-type=\"container\" data-settings=\"{&quot;background_background&quot;:&quot;classic&quot;,&quot;animation&quot;:&quot;fadeInUp&quot;}\">\n\t\t\t\t\t<div class=\"e-con-inner\">\n\t\t\t\t<div class=\"elementor-element elementor-element-7b9ec3c elementor-widget__width-initial elementor-invisible elementor-widget elementor-widget-heading\" data-id=\"7b9ec3c\" data-element_type=\"widget\" data-e-type=\"widget\" data-settings=\"{&quot;_animation&quot;:&quot;fadeInUp&quot;}\" data-widget_type=\"heading.default\">\n\t\t\t\t\t<h2 class=\"elementor-heading-title elementor-size-default\">Wir sind Erforscher der Tradition<\/h2>\t\t\t\t<\/div>\n\t\t\t\t<div class=\"elementor-element elementor-element-ab53035 elementor-widget__width-initial elementor-invisible elementor-widget elementor-widget-text-editor\" data-id=\"ab53035\" data-element_type=\"widget\" data-e-type=\"widget\" data-settings=\"{&quot;_animation&quot;:&quot;fadeInUp&quot;}\" data-widget_type=\"text-editor.default\">\n\t\t\t\t\t\t\t\t\t<p>Der Balsamico Gubertini ist das Ergebnis eines komplexen Prozesses aus Terroir,<\/p><p>Geschichte und meisterhafter Interpretation des Essigmeisters.<\/p>\t\t\t\t\t\t\t\t<\/div>\n\t\t\t\t<div class=\"elementor-element elementor-element-eee17f6 elementor-align-center elementor-invisible elementor-widget elementor-widget-button\" data-id=\"eee17f6\" data-element_type=\"widget\" data-e-type=\"widget\" data-settings=\"{&quot;_animation&quot;:&quot;fadeInUp&quot;}\" data-widget_type=\"button.default\">\n\t\t\t\t\t\t\t\t\t\t<a class=\"elementor-button elementor-button-link elementor-size-sm\" href=\"https:\/\/gubertini.com\/de\/alchemie-und-wohlbefinden\/\">\n\t\t\t\t\t\t<span class=\"elementor-button-content-wrapper\">\n\t\t\t\t\t\t\t\t\t<span class=\"elementor-button-text\">Entdecken Sie unsere Bioelemente<\/span>\n\t\t\t\t\t<\/span>\n\t\t\t\t\t<\/a>\n\t\t\t\t\t\t\t\t<\/div>\n\t\t\t\t\t<\/div>\n\t\t\t\t<\/div>\n\t\t<div class=\"elementor-element elementor-element-c1c181a e-con-full e-flex e-con e-parent\" data-id=\"c1c181a\" data-element_type=\"container\" data-e-type=\"container\" data-settings=\"{&quot;background_background&quot;:&quot;classic&quot;,&quot;motion_fx_motion_fx_scrolling&quot;:&quot;yes&quot;,&quot;motion_fx_scale_effect&quot;:&quot;yes&quot;,&quot;motion_fx_scale_speed&quot;:{&quot;unit&quot;:&quot;px&quot;,&quot;size&quot;:5,&quot;sizes&quot;:[]},&quot;motion_fx_scale_range&quot;:{&quot;unit&quot;:&quot;%&quot;,&quot;size&quot;:&quot;&quot;,&quot;sizes&quot;:{&quot;start&quot;:20,&quot;end&quot;:71}},&quot;motion_fx_devices&quot;:[&quot;desktop&quot;,&quot;tablet&quot;],&quot;motion_fx_scale_direction&quot;:&quot;out-in&quot;}\">\n\t\t\t\t<\/div>\n\t\t\t\t<\/div>\n\t\t","protected":false},"excerpt":{"rendered":"<p>AcetAIA GUBERTINI: Die Eleganz der Zeit, Riserva di Modena. \u201eEs ist keine W\u00fcrze. Es ist eine Investition in Geduld und Luxus, in nummerierten Flaschen.\u201c Kaufen Sie Ihre nummerierte Riserva Tradition und Meisterschaft f\u00fcr einen Essig von h\u00f6chster Qualit\u00e4t Respekt vor der Natur und soziale Verantwortung sind die \u201eGrundwerte\u201c, um ein Produkt von h\u00f6chster Qualit\u00e4t zu [&hellip;]<\/p>\n","protected":false},"author":1,"featured_media":0,"parent":0,"menu_order":0,"comment_status":"closed","ping_status":"closed","template":"","meta":{"_acf_changed":false,"footnotes":""},"class_list":["post-2636","page","type-page","status-publish","hentry"],"acf":[],"yoast_head":"<!-- This site is optimized with the Yoast SEO plugin v27.2 - https:\/\/yoast.com\/product\/yoast-seo-wordpress\/ -->\n<title>Gereifter Balsamico-Condimento: Tradition und Qualit\u00e4t - Acetaia Gubertini | Tradizione di Modena - Lusso &amp; Emozione<\/title>\n<meta name=\"description\" content=\"Entdecken Sie den gereiften Condimento, das s\u00fc\u00df-saure Elixier, das ausschlie\u00dflich aus gekochten Trauben gewonnen und jahrzehntelang in edlen F\u00e4ssern verfeinert wird.\" \/>\n<meta name=\"robots\" content=\"index, follow, max-snippet:-1, max-image-preview:large, max-video-preview:-1\" \/>\n<link rel=\"canonical\" href=\"https:\/\/gubertini.com\/de\/\" \/>\n<meta property=\"og:locale\" content=\"de_DE\" \/>\n<meta property=\"og:type\" content=\"article\" \/>\n<meta property=\"og:title\" content=\"Gereifter Balsamico-Condimento: Tradition und Qualit\u00e4t - Acetaia Gubertini | Tradizione di Modena - Lusso &amp; Emozione\" \/>\n<meta property=\"og:description\" content=\"Entdecken Sie den gereiften Condimento, das s\u00fc\u00df-saure Elixier, das ausschlie\u00dflich aus gekochten Trauben gewonnen und jahrzehntelang in edlen F\u00e4ssern verfeinert wird.\" \/>\n<meta property=\"og:url\" content=\"https:\/\/gubertini.com\/de\/\" \/>\n<meta property=\"og:site_name\" content=\"Acetaia Gubertini | Tradizione di Modena - Lusso &amp; Emozione\" \/>\n<meta property=\"article:publisher\" content=\"https:\/\/www.instagram.com\/acetaiagubertini\" \/>\n<meta property=\"article:modified_time\" content=\"2026-02-03T14:43:27+00:00\" \/>\n<meta property=\"og:image\" content=\"https:\/\/gubertini.com\/wp-content\/uploads\/2024\/02\/home-side-03.webp\" \/>\n\t<meta property=\"og:image:width\" content=\"960\" \/>\n\t<meta property=\"og:image:height\" content=\"1285\" \/>\n\t<meta property=\"og:image:type\" content=\"image\/webp\" \/>\n<meta name=\"twitter:card\" content=\"summary_large_image\" \/>\n<meta name=\"twitter:label1\" content=\"Gesch\u00e4tzte Lesezeit\" \/>\n\t<meta name=\"twitter:data1\" content=\"2\u00a0Minute\" \/>\n<script type=\"application\/ld+json\" class=\"yoast-schema-graph\">{\"@context\":\"https:\/\/schema.org\",\"@graph\":[{\"@type\":\"WebPage\",\"@id\":\"https:\/\/gubertini.com\/de\/\",\"url\":\"https:\/\/gubertini.com\/de\/\",\"name\":\"Gereifter Balsamico-Condimento: Tradition und Qualit\u00e4t - Acetaia Gubertini | Tradizione di Modena - Lusso &amp; Emozione\",\"isPartOf\":{\"@id\":\"https:\/\/gubertini.com\/de\/#website\"},\"primaryImageOfPage\":{\"@id\":\"https:\/\/gubertini.com\/de\/#primaryimage\"},\"image\":{\"@id\":\"https:\/\/gubertini.com\/de\/#primaryimage\"},\"thumbnailUrl\":\"https:\/\/gubertini.com\/wp-content\/uploads\/2024\/02\/home-side-03.webp\",\"datePublished\":\"2024-01-26T09:34:46+00:00\",\"dateModified\":\"2026-02-03T14:43:27+00:00\",\"description\":\"Entdecken Sie den gereiften Condimento, das s\u00fc\u00df-saure Elixier, das ausschlie\u00dflich aus gekochten Trauben gewonnen und jahrzehntelang in edlen F\u00e4ssern verfeinert wird.\",\"breadcrumb\":{\"@id\":\"https:\/\/gubertini.com\/de\/#breadcrumb\"},\"inLanguage\":\"de\",\"potentialAction\":[{\"@type\":\"ReadAction\",\"target\":[\"https:\/\/gubertini.com\/de\/\"]}]},{\"@type\":\"ImageObject\",\"inLanguage\":\"de\",\"@id\":\"https:\/\/gubertini.com\/de\/#primaryimage\",\"url\":\"https:\/\/gubertini.com\/wp-content\/uploads\/2024\/02\/home-side-03.webp\",\"contentUrl\":\"https:\/\/gubertini.com\/wp-content\/uploads\/2024\/02\/home-side-03.webp\"},{\"@type\":\"BreadcrumbList\",\"@id\":\"https:\/\/gubertini.com\/de\/#breadcrumb\",\"itemListElement\":[{\"@type\":\"ListItem\",\"position\":1,\"name\":\"Startseite\",\"item\":\"https:\/\/gubertini.com\/de\/\"},{\"@type\":\"ListItem\",\"position\":2,\"name\":\"Startseite\"}]},{\"@type\":\"WebSite\",\"@id\":\"https:\/\/gubertini.com\/de\/#website\",\"url\":\"https:\/\/gubertini.com\/de\/\",\"name\":\"Acetaia Gubertini | Tradizione - Lusso - Emozione\",\"description\":\"\",\"publisher\":{\"@id\":\"https:\/\/gubertini.com\/de\/#organization\"},\"potentialAction\":[{\"@type\":\"SearchAction\",\"target\":{\"@type\":\"EntryPoint\",\"urlTemplate\":\"https:\/\/gubertini.com\/de\/?s={search_term_string}\"},\"query-input\":{\"@type\":\"PropertyValueSpecification\",\"valueRequired\":true,\"valueName\":\"search_term_string\"}}],\"inLanguage\":\"de\"},{\"@type\":\"Organization\",\"@id\":\"https:\/\/gubertini.com\/de\/#organization\",\"name\":\"Acetaia Gubertini\",\"url\":\"https:\/\/gubertini.com\/de\/\",\"logo\":{\"@type\":\"ImageObject\",\"inLanguage\":\"de\",\"@id\":\"https:\/\/gubertini.com\/de\/#\/schema\/logo\/image\/\",\"url\":\"https:\/\/gubertini.com\/wp-content\/uploads\/2024\/01\/Logo_Scudo_a-colori_2025.webp\",\"contentUrl\":\"https:\/\/gubertini.com\/wp-content\/uploads\/2024\/01\/Logo_Scudo_a-colori_2025.webp\",\"width\":1927,\"height\":1655,\"caption\":\"Acetaia Gubertini\"},\"image\":{\"@id\":\"https:\/\/gubertini.com\/de\/#\/schema\/logo\/image\/\"},\"sameAs\":[\"https:\/\/www.instagram.com\/acetaiagubertini\"]}]}<\/script>\n<!-- \/ Yoast SEO plugin. -->","yoast_head_json":{"title":"Gereifter Balsamico-Condimento: Tradition und Qualit\u00e4t - Acetaia Gubertini | Tradizione di Modena - Lusso &amp; Emozione","description":"Entdecken Sie den gereiften Condimento, das s\u00fc\u00df-saure Elixier, das ausschlie\u00dflich aus gekochten Trauben gewonnen und jahrzehntelang in edlen F\u00e4ssern verfeinert wird.","robots":{"index":"index","follow":"follow","max-snippet":"max-snippet:-1","max-image-preview":"max-image-preview:large","max-video-preview":"max-video-preview:-1"},"canonical":"https:\/\/gubertini.com\/de\/","og_locale":"de_DE","og_type":"article","og_title":"Gereifter Balsamico-Condimento: Tradition und Qualit\u00e4t - Acetaia Gubertini | Tradizione di Modena - Lusso &amp; Emozione","og_description":"Entdecken Sie den gereiften Condimento, das s\u00fc\u00df-saure Elixier, das ausschlie\u00dflich aus gekochten Trauben gewonnen und jahrzehntelang in edlen F\u00e4ssern verfeinert wird.","og_url":"https:\/\/gubertini.com\/de\/","og_site_name":"Acetaia Gubertini | Tradizione di Modena - Lusso &amp; Emozione","article_publisher":"https:\/\/www.instagram.com\/acetaiagubertini","article_modified_time":"2026-02-03T14:43:27+00:00","og_image":[{"width":960,"height":1285,"url":"https:\/\/gubertini.com\/wp-content\/uploads\/2024\/02\/home-side-03.webp","type":"image\/webp"}],"twitter_card":"summary_large_image","twitter_misc":{"Gesch\u00e4tzte Lesezeit":"2\u00a0Minute"},"schema":{"@context":"https:\/\/schema.org","@graph":[{"@type":"WebPage","@id":"https:\/\/gubertini.com\/de\/","url":"https:\/\/gubertini.com\/de\/","name":"Gereifter Balsamico-Condimento: Tradition und Qualit\u00e4t - Acetaia Gubertini | Tradizione di Modena - Lusso &amp; Emozione","isPartOf":{"@id":"https:\/\/gubertini.com\/de\/#website"},"primaryImageOfPage":{"@id":"https:\/\/gubertini.com\/de\/#primaryimage"},"image":{"@id":"https:\/\/gubertini.com\/de\/#primaryimage"},"thumbnailUrl":"https:\/\/gubertini.com\/wp-content\/uploads\/2024\/02\/home-side-03.webp","datePublished":"2024-01-26T09:34:46+00:00","dateModified":"2026-02-03T14:43:27+00:00","description":"Entdecken Sie den gereiften Condimento, das s\u00fc\u00df-saure Elixier, das ausschlie\u00dflich aus gekochten Trauben gewonnen und jahrzehntelang in edlen F\u00e4ssern verfeinert wird.","breadcrumb":{"@id":"https:\/\/gubertini.com\/de\/#breadcrumb"},"inLanguage":"de","potentialAction":[{"@type":"ReadAction","target":["https:\/\/gubertini.com\/de\/"]}]},{"@type":"ImageObject","inLanguage":"de","@id":"https:\/\/gubertini.com\/de\/#primaryimage","url":"https:\/\/gubertini.com\/wp-content\/uploads\/2024\/02\/home-side-03.webp","contentUrl":"https:\/\/gubertini.com\/wp-content\/uploads\/2024\/02\/home-side-03.webp"},{"@type":"BreadcrumbList","@id":"https:\/\/gubertini.com\/de\/#breadcrumb","itemListElement":[{"@type":"ListItem","position":1,"name":"Startseite","item":"https:\/\/gubertini.com\/de\/"},{"@type":"ListItem","position":2,"name":"Startseite"}]},{"@type":"WebSite","@id":"https:\/\/gubertini.com\/de\/#website","url":"https:\/\/gubertini.com\/de\/","name":"Acetaia Gubertini | Tradizione - Lusso - Emozione","description":"","publisher":{"@id":"https:\/\/gubertini.com\/de\/#organization"},"potentialAction":[{"@type":"SearchAction","target":{"@type":"EntryPoint","urlTemplate":"https:\/\/gubertini.com\/de\/?s={search_term_string}"},"query-input":{"@type":"PropertyValueSpecification","valueRequired":true,"valueName":"search_term_string"}}],"inLanguage":"de"},{"@type":"Organization","@id":"https:\/\/gubertini.com\/de\/#organization","name":"Acetaia Gubertini","url":"https:\/\/gubertini.com\/de\/","logo":{"@type":"ImageObject","inLanguage":"de","@id":"https:\/\/gubertini.com\/de\/#\/schema\/logo\/image\/","url":"https:\/\/gubertini.com\/wp-content\/uploads\/2024\/01\/Logo_Scudo_a-colori_2025.webp","contentUrl":"https:\/\/gubertini.com\/wp-content\/uploads\/2024\/01\/Logo_Scudo_a-colori_2025.webp","width":1927,"height":1655,"caption":"Acetaia Gubertini"},"image":{"@id":"https:\/\/gubertini.com\/de\/#\/schema\/logo\/image\/"},"sameAs":["https:\/\/www.instagram.com\/acetaiagubertini"]}]}},"_links":{"self":[{"href":"https:\/\/gubertini.com\/de\/wp-json\/wp\/v2\/pages\/2636","targetHints":{"allow":["GET"]}}],"collection":[{"href":"https:\/\/gubertini.com\/de\/wp-json\/wp\/v2\/pages"}],"about":[{"href":"https:\/\/gubertini.com\/de\/wp-json\/wp\/v2\/types\/page"}],"author":[{"embeddable":true,"href":"https:\/\/gubertini.com\/de\/wp-json\/wp\/v2\/users\/1"}],"replies":[{"embeddable":true,"href":"https:\/\/gubertini.com\/de\/wp-json\/wp\/v2\/comments?post=2636"}],"version-history":[{"count":24,"href":"https:\/\/gubertini.com\/de\/wp-json\/wp\/v2\/pages\/2636\/revisions"}],"predecessor-version":[{"id":4098,"href":"https:\/\/gubertini.com\/de\/wp-json\/wp\/v2\/pages\/2636\/revisions\/4098"}],"wp:attachment":[{"href":"https:\/\/gubertini.com\/de\/wp-json\/wp\/v2\/media?parent=2636"}],"curies":[{"name":"wp","href":"https:\/\/api.w.org\/{rel}","templated":true}]}}